{"id":2238,"date":"2020-11-02T07:23:06","date_gmt":"2020-11-02T07:23:06","guid":{"rendered":"http:\/\/oxygen-house.pascalmoise.info\/loft\/"},"modified":"2024-12-23T16:11:15","modified_gmt":"2024-12-23T16:11:15","slug":"loft","status":"publish","type":"page","link":"https:\/\/www.oxygen-house.be\/fr\/loft\/","title":{"rendered":"Loft"},"content":{"rendered":"\t\t<div data-elementor-type=\"wp-page\" data-elementor-id=\"2238\" class=\"elementor elementor-2238 elementor-2237\">\n\t\t\t\t\t\t<section class=\"elementor-section elementor-top-section elementor-element elementor-element-a8f2a1d elementor-section-full_width elementor-section-stretched elementor-section-height-default elementor-section-height-default\" data-id=\"a8f2a1d\" data-element_type=\"section\" data-e-type=\"section\" data-settings=\"{&quot;stretch_section&quot;:&quot;section-stretched&quot;}\">\n\t\t\t\t\t\t<div class=\"elementor-container elementor-column-gap-default\">\n\t\t\t\t\t<div class=\"elementor-column elementor-col-33 elementor-top-column elementor-element elementor-element-d3c7196\" data-id=\"d3c7196\" data-element_type=\"column\" data-e-type=\"column\">\n\t\t\t<div class=\"elementor-widget-wrap elementor-element-populated\">\n\t\t\t\t\t\t<div class=\"elementor-element elementor-element-60cda0d elementor-widget elementor-widget-heading\" data-id=\"60cda0d\" data-element_type=\"widget\" data-e-type=\"widget\" data-widget_type=\"heading.default\">\n\t\t\t\t<div class=\"elementor-widget-container\">\n\t\t\t\t\t<h4 class=\"elementor-heading-title elementor-size-default\">Gallery<\/h4>\t\t\t\t<\/div>\n\t\t\t\t<\/div>\n\t\t\t\t<div class=\"elementor-element elementor-element-1645811 elementor-arrows-position-inside elementor-widget elementor-widget-image-carousel\" data-id=\"1645811\" data-element_type=\"widget\" data-e-type=\"widget\" data-settings=\"{&quot;slides_to_show&quot;:&quot;1&quot;,&quot;navigation&quot;:&quot;arrows&quot;,&quot;autoplay_speed&quot;:10000,&quot;autoplay&quot;:&quot;yes&quot;,&quot;pause_on_hover&quot;:&quot;yes&quot;,&quot;pause_on_interaction&quot;:&quot;yes&quot;,&quot;infinite&quot;:&quot;yes&quot;,&quot;effect&quot;:&quot;slide&quot;,&quot;speed&quot;:500}\" data-widget_type=\"image-carousel.default\">\n\t\t\t\t<div class=\"elementor-widget-container\">\n\t\t\t\t\t\t\t<div class=\"elementor-image-carousel-wrapper swiper\" role=\"region\" aria-roledescription=\"carousel\" aria-label=\"Carrousel d\u2019images\" dir=\"ltr\">\n\t\t\t<div class=\"elementor-image-carousel swiper-wrapper\" aria-live=\"off\">\n\t\t\t\t\t\t\t\t<div class=\"swiper-slide\" role=\"group\" aria-roledescription=\"slide\" aria-label=\"1 sur 4\"><figure class=\"swiper-slide-inner\"><img decoding=\"async\" class=\"swiper-slide-image\" src=\"https:\/\/www.oxygen-house.be\/wp-content\/uploads\/elementor\/thumbs\/20110829_212538_8664-oylmnqg1m2mrmvrqjde0la7r59iuwx0ntptmygu5nk.jpg\" alt=\"20110829_212538_8664\" \/><\/figure><\/div><div class=\"swiper-slide\" role=\"group\" aria-roledescription=\"slide\" aria-label=\"2 sur 4\"><figure class=\"swiper-slide-inner\"><img decoding=\"async\" class=\"swiper-slide-image\" src=\"https:\/\/www.oxygen-house.be\/wp-content\/uploads\/elementor\/thumbs\/20110829_205358_8628-oylmmnwntv60evbpseqb91xusgst5bro0f2qa4faqo.jpg\" alt=\"20110829_205358_8628\" \/><\/figure><\/div><div class=\"swiper-slide\" role=\"group\" aria-roledescription=\"slide\" aria-label=\"3 sur 4\"><figure class=\"swiper-slide-inner\"><img decoding=\"async\" class=\"swiper-slide-image\" src=\"https:\/\/www.oxygen-house.be\/wp-content\/uploads\/elementor\/thumbs\/20110829_204122_8615_sharpened_120-oylmg31bzm5r54vs7kcbsppp3d8b9lnb3uodce6iao.jpg\" alt=\"20110829_204122_8615_sharpened_120\" \/><\/figure><\/div><div class=\"swiper-slide\" role=\"group\" aria-roledescription=\"slide\" aria-label=\"4 sur 4\"><figure class=\"swiper-slide-inner\"><img decoding=\"async\" class=\"swiper-slide-image\" src=\"https:\/\/www.oxygen-house.be\/wp-content\/uploads\/elementor\/thumbs\/20110826_113526_8058_a-oylbwnip76qwjs0ztjxvagn8jzec43byxucbbcrm00.jpg\" alt=\"20110826_113526_8058_a\" \/><\/figure><\/div>\t\t\t<\/div>\n\t\t\t\t\t\t\t\t\t\t\t\t<div class=\"elementor-swiper-button elementor-swiper-button-prev\" role=\"button\" tabindex=\"0\">\n\t\t\t\t\t\t<i aria-hidden=\"true\" class=\"eicon-chevron-left\"><\/i>\t\t\t\t\t<\/div>\n\t\t\t\t\t<div class=\"elementor-swiper-button elementor-swiper-button-next\" role=\"button\" tabindex=\"0\">\n\t\t\t\t\t\t<i aria-hidden=\"true\" class=\"eicon-chevron-right\"><\/i>\t\t\t\t\t<\/div>\n\t\t\t\t\n\t\t\t\t\t\t\t\t\t<\/div>\n\t\t\t\t\t\t<\/div>\n\t\t\t\t<\/div>\n\t\t\t\t\t<\/div>\n\t\t<\/div>\n\t\t\t\t<div class=\"elementor-column elementor-col-66 elementor-top-column elementor-element elementor-element-b6f57f5\" data-id=\"b6f57f5\" data-element_type=\"column\" data-e-type=\"column\">\n\t\t\t<div class=\"elementor-widget-wrap elementor-element-populated\">\n\t\t\t\t\t\t<div class=\"elementor-element elementor-element-9e97a54 elementor-widget elementor-widget-heading\" data-id=\"9e97a54\" data-element_type=\"widget\" data-e-type=\"widget\" data-widget_type=\"heading.default\">\n\t\t\t\t<div class=\"elementor-widget-container\">\n\t\t\t\t\t<h4 class=\"elementor-heading-title elementor-size-default\">LOFT<\/h4>\t\t\t\t<\/div>\n\t\t\t\t<\/div>\n\t\t\t\t<div class=\"elementor-element elementor-element-4dd8ba5 elementor-tabs-view-vertical elementor-widget elementor-widget-tabs\" data-id=\"4dd8ba5\" data-element_type=\"widget\" data-e-type=\"widget\" data-widget_type=\"tabs.default\">\n\t\t\t\t<div class=\"elementor-widget-container\">\n\t\t\t\t\t\t\t<div class=\"elementor-tabs\">\n\t\t\t<div class=\"elementor-tabs-wrapper\" role=\"tablist\" >\n\t\t\t\t\t\t\t\t\t<div id=\"elementor-tab-title-8161\" class=\"elementor-tab-title elementor-tab-desktop-title\" aria-selected=\"true\" data-tab=\"1\" role=\"tab\" tabindex=\"0\" aria-controls=\"elementor-tab-content-8161\" aria-expanded=\"false\">LOFT<\/div>\n\t\t\t\t\t\t\t\t\t<div id=\"elementor-tab-title-8162\" class=\"elementor-tab-title elementor-tab-desktop-title\" aria-selected=\"false\" data-tab=\"2\" role=\"tab\" tabindex=\"-1\" aria-controls=\"elementor-tab-content-8162\" aria-expanded=\"false\">Sauna Sec<\/div>\n\t\t\t\t\t\t\t\t\t<div id=\"elementor-tab-title-8163\" class=\"elementor-tab-title elementor-tab-desktop-title\" aria-selected=\"false\" data-tab=\"3\" role=\"tab\" tabindex=\"-1\" aria-controls=\"elementor-tab-content-8163\" aria-expanded=\"false\">Sauna Bio<\/div>\n\t\t\t\t\t\t\t\t\t<div id=\"elementor-tab-title-8164\" class=\"elementor-tab-title elementor-tab-desktop-title\" aria-selected=\"false\" data-tab=\"4\" role=\"tab\" tabindex=\"-1\" aria-controls=\"elementor-tab-content-8164\" aria-expanded=\"false\">Hammam<\/div>\n\t\t\t\t\t\t\t\t\t<div id=\"elementor-tab-title-8165\" class=\"elementor-tab-title elementor-tab-desktop-title\" aria-selected=\"false\" data-tab=\"5\" role=\"tab\" tabindex=\"-1\" aria-controls=\"elementor-tab-content-8165\" aria-expanded=\"false\">Infrarouge<\/div>\n\t\t\t\t\t\t\t\t\t<div id=\"elementor-tab-title-8166\" class=\"elementor-tab-title elementor-tab-desktop-title\" aria-selected=\"false\" data-tab=\"6\" role=\"tab\" tabindex=\"-1\" aria-controls=\"elementor-tab-content-8166\" aria-expanded=\"false\">Jacuzzi<\/div>\n\t\t\t\t\t\t\t\t\t<div id=\"elementor-tab-title-8167\" class=\"elementor-tab-title elementor-tab-desktop-title\" aria-selected=\"false\" data-tab=\"7\" role=\"tab\" tabindex=\"-1\" aria-controls=\"elementor-tab-content-8167\" aria-expanded=\"false\">Piscine<\/div>\n\t\t\t\t\t\t\t\t\t<div id=\"elementor-tab-title-8168\" class=\"elementor-tab-title elementor-tab-desktop-title\" aria-selected=\"false\" data-tab=\"8\" role=\"tab\" tabindex=\"-1\" aria-controls=\"elementor-tab-content-8168\" aria-expanded=\"false\">Special Events<\/div>\n\t\t\t\t\t\t\t\t\t<div id=\"elementor-tab-title-8169\" class=\"elementor-tab-title elementor-tab-desktop-title\" aria-selected=\"false\" data-tab=\"9\" role=\"tab\" tabindex=\"-1\" aria-controls=\"elementor-tab-content-8169\" aria-expanded=\"false\">Lounge<\/div>\n\t\t\t\t\t\t\t<\/div>\n\t\t\t<div class=\"elementor-tabs-content-wrapper\" role=\"tablist\" aria-orientation=\"vertical\">\n\t\t\t\t\t\t\t\t\t<div class=\"elementor-tab-title elementor-tab-mobile-title\" aria-selected=\"true\" data-tab=\"1\" role=\"tab\" tabindex=\"0\" aria-controls=\"elementor-tab-content-8161\" aria-expanded=\"false\">LOFT<\/div>\n\t\t\t\t\t<div id=\"elementor-tab-content-8161\" class=\"elementor-tab-content elementor-clearfix\" data-tab=\"1\" role=\"tabpanel\" aria-labelledby=\"elementor-tab-title-8161\" tabindex=\"0\" hidden=\"false\"><div class=\"row\"><div class=\"col-lg-7 col-md-12\"><h4>LOFT<\/h4><p>Apr\u00e8s la <a href=\"http:\/\/www.oxygen-house.be\/fr\/VillaCosy\"> Villa Cosy<\/a> voici le Loft OXYGEN-HOUSE<\/p><p>200m\u00b2 de pure d\u00e9tente sont mis \u00e0 votre disposition dans une vieille b\u00e2tisse datant de 1724&#8230; \u00e0 10m d\u2019OXYGEN-HOUSE I.<\/p><p>Nous vous y proposons des formules Wellness (Piscine, jacuzzi, hammam, sauna sec, sauna bio &amp; cabine infrarouge) pour minimum 2 heures de bien-\u00eatre avec une capacit\u00e9 de 2 \u00e0 20 personnes.<\/p><p>Vous pouvez \u00e9galement y prolonger votre soir\u00e9e jusqu\u2019au lendemain matin en optant pour notre <a href=\"http:\/\/www.oxygen-house.be\/en\/BedAndBreakfast\">Bed &amp; Breakfast<\/a><\/p><\/div><div class=\"col-lg-5 col-md-12\"><p><img decoding=\"async\" class=\"alignnone size-medium wp-image-491\" src=\"http:\/\/www.oxygen-house.be\/wp-content\/uploads\/2020\/11\/loft_4-768x456.jpg\" alt=\"\" width=\"100%\" height=\"100%\" \/><\/p><div class=\"text-center\" style=\"margin-top: 25px;\"><a class=\"btn\" href=\"https:\/\/www.oxygen-house.be\/fr\/prix\/\">Prix<\/a><\/div><\/div><\/div><\/div>\n\t\t\t\t\t\t\t\t\t<div class=\"elementor-tab-title elementor-tab-mobile-title\" aria-selected=\"false\" data-tab=\"2\" role=\"tab\" tabindex=\"-1\" aria-controls=\"elementor-tab-content-8162\" aria-expanded=\"false\">Sauna Sec<\/div>\n\t\t\t\t\t<div id=\"elementor-tab-content-8162\" class=\"elementor-tab-content elementor-clearfix\" data-tab=\"2\" role=\"tabpanel\" aria-labelledby=\"elementor-tab-title-8162\" tabindex=\"0\" hidden=\"hidden\"><div class=\"row\">\n<div class=\"col-lg-7 col-md-12\">\n<h4>Sauna Sec\n<\/h4>\n<b>3-20% d&rsquo;humidit\u00e9 &#038; 80-105\u00b0C\n\n<\/b><br>\nLes bains chauds secs et humides \u00e9taient d\u00e9j\u00e0 utilis\u00e9s \u00e0 l&rsquo;\u00e9poque des Romains et se parachevaient d&rsquo;un massage aux huiles parfum\u00e9es. \u00ab\u00a0Une antique et universelle tradition de l&rsquo;humanit\u00e9\u00a0\u00bb pr\u00e9sent sur tous les continents et dont les origines remontent \u00e0 la nuit des temps\u2026<br><br>Les gu\u00e9risseurs et les shamans avaient l&rsquo;habitude d&rsquo;utiliser le SAUNA pour soigner les maladies et purifier les corps. Les applications d&rsquo;eau chaude et froide sur le corps ont r\u00e9v\u00e9l\u00e9 des processus de r\u00e9actions que l&rsquo;on peut d\u00e9clencher et ma\u00eetriser. Les traces de ces pratiques ont \u00e9t\u00e9 retrouv\u00e9es dans la civilisation sum\u00e9rienne, chez les chinois, azt\u00e8ques et peuples d&rsquo;Europe centrale. Le sauna appartient \u00e0 une technique plus vaste : l&rsquo;Hydrologie. Celle-ci, \u00e9lev\u00e9e par des scientifiques au rang de th\u00e9rapie, repr\u00e9sente avec la Phytoth\u00e9rapie, une des bases m\u00e9dicales les plus connues, utilis\u00e9e universellement depuis l&rsquo;antiquit\u00e9! En Finlande, cette technique vieille de 2000 ans \u00e0 caract\u00e8re hygi\u00e8no-th\u00e9rapeutique, rassemble 1.600.000 adeptes (1\/3 des habitants), Allemagne (700.000), France (35.000)\u2026\n\n\n\n<\/div>\n<div class=\"col-lg-5 col-md-12\"><img decoding=\"async\" class=\"alignnone size-medium wp-image-496\" src=\"http:\/\/www.oxygen-house.be\/wp-content\/uploads\/2020\/11\/loft_18_1_1-768x333.jpg\" alt=\"\" width=\"100%\" height=\"100%\" \/><\/div>\n<\/div><\/div>\n\t\t\t\t\t\t\t\t\t<div class=\"elementor-tab-title elementor-tab-mobile-title\" aria-selected=\"false\" data-tab=\"3\" role=\"tab\" tabindex=\"-1\" aria-controls=\"elementor-tab-content-8163\" aria-expanded=\"false\">Sauna Bio<\/div>\n\t\t\t\t\t<div id=\"elementor-tab-content-8163\" class=\"elementor-tab-content elementor-clearfix\" data-tab=\"3\" role=\"tabpanel\" aria-labelledby=\"elementor-tab-title-8163\" tabindex=\"0\" hidden=\"hidden\"><div class=\"row\">\n<div class=\"col-lg-7 col-md-12\">\n<h4>Sauna Bio\n<\/h4>\n<b>40-65 % d&rsquo;humidit\u00e9 &#038; 65-70\u00b0C\n\n<\/b><br>\nLes Finlandais laissaient mac\u00e9rer les plantes dans l&rsquo;eau. Cette eau charg\u00e9e des composants de la plante \u00e9tait utilis\u00e9e dans le sauna pour humidifier l&rsquo;air tout en parfumant d&rsquo;effluves naturelles. Maintenant l&rsquo;huile essentielle peut \u00eatre inject\u00e9e pour assainir l&rsquo;air en le r\u00e9hydratant et forme actuellement le moyen le plus efficace pour d\u00e9sinfecter l&rsquo;atmosph\u00e8re. On recherche tout naturellement les essences \u00e0 stimulation respiratoire telles que : Pin, Eucalyptus, Lavande, Romarin, Thym, Cypr\u00e8s, G\u00e9ranium, Niaouli et Citron.\n\n\n\n<\/div>\n<div class=\"col-lg-5 col-md-12\"><img decoding=\"async\" class=\"alignnone size-medium wp-image-501\" src=\"http:\/\/www.oxygen-house.be\/wp-content\/uploads\/2020\/11\/loft_17-768x456.jpg\" alt=\"\" width=\"100%\" height=\"100%\" \/><\/div>\n<\/div><\/div>\n\t\t\t\t\t\t\t\t\t<div class=\"elementor-tab-title elementor-tab-mobile-title\" aria-selected=\"false\" data-tab=\"4\" role=\"tab\" tabindex=\"-1\" aria-controls=\"elementor-tab-content-8164\" aria-expanded=\"false\">Hammam<\/div>\n\t\t\t\t\t<div id=\"elementor-tab-content-8164\" class=\"elementor-tab-content elementor-clearfix\" data-tab=\"4\" role=\"tabpanel\" aria-labelledby=\"elementor-tab-title-8164\" tabindex=\"0\" hidden=\"hidden\"><div class=\"row\">\n<div class=\"col-lg-7 col-md-12\">\n<h4>Hammam<\/h4>\n<b>100% D&rsquo; HUMIDITE &#038; 47C\u00b0\n\n<\/b><br>\n\nQuand l&rsquo;on pense \u00e0 Rome, on y associe souvent les bains immenses appel\u00e9s Thermes. L&#8217;empereur Agrippa construisit les premiers Thermes en 25 apr\u00e8s J-C. La pratique du hammam ne commen\u00e7a vraiment \u00e0 se d\u00e9velopper qu&rsquo; environ 600 ans apr\u00e8s J-C, les bains turcs s&rsquo;inspir\u00e8rent des bains romains et grecs. Ils ont connu un succ\u00e8s consid\u00e9rable dans le monde arabe et ont \u00e9t\u00e9 int\u00e9gr\u00e9 dans la pratique de l&rsquo;islam comme r\u00e8gle de purification et d&rsquo;hygi\u00e8ne\u2026<br><br>Le hammam est \u00e0 une temp\u00e9rature de 40-50\u00b0C et une humidit\u00e9 \u00e9lev\u00e9e de 95-100%. Il d\u00e9tendra vos muscles, apportera un \u00e9quilibre hydrique de votre corps et d\u00e9gagera agr\u00e9ablement vos voies respiratoires gr\u00e2ce \u00e0 sa vapeur impr\u00e9gn\u00e9e d&rsquo;eucalyptus et de menthe.\n<\/div>\n<div class=\"col-lg-5 col-md-12\"><img decoding=\"async\" class=\"alignnone size-full wp-image-505\" src=\"http:\/\/www.oxygen-house.be\/wp-content\/uploads\/2020\/11\/loft_16_1-scaled.jpg\" alt=\"\" width=\"100%\" height=\"100%\" \/><\/div>\n<\/div><\/div>\n\t\t\t\t\t\t\t\t\t<div class=\"elementor-tab-title elementor-tab-mobile-title\" aria-selected=\"false\" data-tab=\"5\" role=\"tab\" tabindex=\"-1\" aria-controls=\"elementor-tab-content-8165\" aria-expanded=\"false\">Infrarouge<\/div>\n\t\t\t\t\t<div id=\"elementor-tab-content-8165\" class=\"elementor-tab-content elementor-clearfix\" data-tab=\"5\" role=\"tabpanel\" aria-labelledby=\"elementor-tab-title-8165\" tabindex=\"0\" hidden=\"hidden\"><div class=\"row\">\n<div class=\"col-lg-7 col-md-12\">\n<h4>Infrarouge<\/h4>\n<b>Onde courte IR-A = 50\u00b0C\n\n<\/b><br>\nLes romains pla\u00e7aient un bac de charbon ardant dans leur Laconium. Le charbon \u00e9tait \u00e0 l&rsquo;\u00e9poque le seul combustible qui permettait d&rsquo;obtenir des IR-A ( Infrarouge diffusant des ondes courtes ). A notre \u00e9poque, nous avons des lampes d&rsquo;ondes moyennes (IR-B) et d&rsquo;ondes longues (IR-C) qui ont des intensit\u00e9s diff\u00e9rentes permettant de traverser plus profond\u00e9ment les couches de peaux, afin d&rsquo;atteindre des maux que la chaleur du sauna ne peut pas atteindre.\n\n<br><br>\nL&rsquo; IR-A, produite par les lampes robax de la cabine infrarouge, est utilis\u00e9e pour traiter les probl\u00e8mes articulaires, douleurs musculaires, de l&rsquo;ecz\u00e9ma, le psoriasis, l&rsquo;acn\u00e9, l&rsquo;asthme&#8230;\n\n\n\n<\/div>\n<div class=\"col-lg-5 col-md-12\"><img decoding=\"async\" class=\"alignnone size-full wp-image-509\" src=\"http:\/\/www.oxygen-house.be\/wp-content\/uploads\/2020\/11\/loft_17-1.jpg\" alt=\"\" width=\"100%\" height=\"100%\" \/><\/div>\n<\/div><\/div>\n\t\t\t\t\t\t\t\t\t<div class=\"elementor-tab-title elementor-tab-mobile-title\" aria-selected=\"false\" data-tab=\"6\" role=\"tab\" tabindex=\"-1\" aria-controls=\"elementor-tab-content-8166\" aria-expanded=\"false\">Jacuzzi<\/div>\n\t\t\t\t\t<div id=\"elementor-tab-content-8166\" class=\"elementor-tab-content elementor-clearfix\" data-tab=\"6\" role=\"tabpanel\" aria-labelledby=\"elementor-tab-title-8166\" tabindex=\"0\" hidden=\"hidden\"><div class=\"row\">\n<div class=\"col-lg-7 col-md-12\">\n<h4>Jacuzzi<\/h4>\nLe Jacuzzi se situe \u00e0 l&rsquo;ext\u00e9rieur \u00e0 ciel ouvert. La temp\u00e9rature de l&rsquo;eau est en permanence \u00e0 37,5 degr\u00e9s. Il dispose d&rsquo;une multitude de jets sp\u00e9cifiques aux diff\u00e9rentes parties de votre corps et vous procurera bien plus de d\u00e9tente qu&rsquo;un bain bulles classique &#8230; Les si\u00e8ges y sont ergonomiques. Les 2 moteurs fournissent une puissance de massage optimale.\n\n\n\n<\/div>\n<div class=\"col-lg-5 col-md-12\"><img fetchpriority=\"high\" decoding=\"async\" class=\"alignnone size-full wp-image-513\" src=\"http:\/\/www.oxygen-house.be\/wp-content\/uploads\/2020\/11\/loft_15_2.jpg\" alt=\"\" width=\"800\" height=\"432\" \/><\/div>\n<\/div><\/div>\n\t\t\t\t\t\t\t\t\t<div class=\"elementor-tab-title elementor-tab-mobile-title\" aria-selected=\"false\" data-tab=\"7\" role=\"tab\" tabindex=\"-1\" aria-controls=\"elementor-tab-content-8167\" aria-expanded=\"false\">Piscine<\/div>\n\t\t\t\t\t<div id=\"elementor-tab-content-8167\" class=\"elementor-tab-content elementor-clearfix\" data-tab=\"7\" role=\"tabpanel\" aria-labelledby=\"elementor-tab-title-8167\" tabindex=\"0\" hidden=\"hidden\"><div class=\"row\">\n<div class=\"col-lg-7 col-md-12\">\n<h4>Piscine &#038; Jetstream\n<\/h4>\nImmerger lentement dans la chaleur apaisante de l&rsquo;eau, sentir l&rsquo;\u00e9l\u00e9ment humide sur votre corps. Quelle bienfaisance! Plus de stress, une force nouvelle pour le corps, l&rsquo;esprit et l&rsquo;\u00e2me, se d\u00e9tendre sous les \u00e9toiles. Tout cela est possible dans notre piscine ext\u00e9rieure chauff\u00e9e \u00e0 30\u00b0-32\u00b0C&#8230;\n\n\n\n<\/div>\n<div class=\"col-lg-5 col-md-12\"><img fetchpriority=\"high\" decoding=\"async\" class=\"alignnone size-full wp-image-513\" src=\"http:\/\/www.oxygen-house.be\/wp-content\/uploads\/2020\/11\/loft_15_2.jpg\" alt=\"\" width=\"800\" height=\"432\" \/><\/div>\n<\/div><\/div>\n\t\t\t\t\t\t\t\t\t<div class=\"elementor-tab-title elementor-tab-mobile-title\" aria-selected=\"false\" data-tab=\"8\" role=\"tab\" tabindex=\"-1\" aria-controls=\"elementor-tab-content-8168\" aria-expanded=\"false\">Special Events<\/div>\n\t\t\t\t\t<div id=\"elementor-tab-content-8168\" class=\"elementor-tab-content elementor-clearfix\" data-tab=\"8\" role=\"tabpanel\" aria-labelledby=\"elementor-tab-title-8168\" tabindex=\"0\" hidden=\"hidden\"><div class=\"row\">\n<div class=\"col-lg-7 col-md-12\">\n<h4>Events<\/h4>\nVous pouvez louer toute la maison + de 300m\u00b2 avec ses jardins ainsi que infrastructure Wellness.\n<br><br>\nNous organisons le traiteur, le service bar pour s\u00e9minaires, r\u00e9unions, formations, cours divers et anniversaires.\n\n<br><br>\nNous consulter pour une offre personnalis\u00e9e \u00e0 vos besoins.\n\n\n\n<\/div>\n<div class=\"col-lg-5 col-md-12\"><img decoding=\"async\" class=\"alignnone size-medium wp-image-466\" src=\"http:\/\/www.oxygen-house.be\/wp-content\/uploads\/2020\/11\/loft_3-768x456.jpg\" alt=\"\" width=\"100%\" height=\"100%\" \/><\/div>\n<\/div><\/div>\n\t\t\t\t\t\t\t\t\t<div class=\"elementor-tab-title elementor-tab-mobile-title\" aria-selected=\"false\" data-tab=\"9\" role=\"tab\" tabindex=\"-1\" aria-controls=\"elementor-tab-content-8169\" aria-expanded=\"false\">Lounge<\/div>\n\t\t\t\t\t<div id=\"elementor-tab-content-8169\" class=\"elementor-tab-content elementor-clearfix\" data-tab=\"9\" role=\"tabpanel\" aria-labelledby=\"elementor-tab-title-8169\" tabindex=\"0\" hidden=\"hidden\"><div class=\"row\">\n<div class=\"col-lg-12 col-md-12\"><\/div>\n<div class=\"col-lg-7 col-md-12\">\n<h4>Lounge<\/h4>\nCette zone vous permettra de vous octroyer des moments de repos durant les passages entre les diff\u00e9rents appareils\n<br><br>Vous y appr\u00e9cierez ses musiques relaxantes et ses lumi\u00e8res tamis\u00e9es dans son cadre agr\u00e9able et intimiste du Lounge qui vous invitera \u00e0 une d\u00e9tente totale.\n\n\n<\/div>\n<div class=\"col-lg-5 col-md-12\"><img decoding=\"async\" class=\"alignnone size-full wp-image-519\" src=\"http:\/\/www.oxygen-house.be\/wp-content\/uploads\/2020\/11\/loft_5.jpg\" alt=\"\" width=\"100%\" height=\"100%\" \/><\/div>\n<\/div><\/div>\n\t\t\t\t\t\t\t<\/div>\n\t\t<\/div>\n\t\t\t\t\t\t<\/div>\n\t\t\t\t<\/div>\n\t\t\t\t\t<\/div>\n\t\t<\/div>\n\t\t\t\t\t<\/div>\n\t\t<\/section>\n\t\t\t\t<\/div>\n\t\t","protected":false},"excerpt":{"rendered":"<p>Gallery LOFT LOFT Sauna Sec Sauna Bio Hammam Infrarouge Jacuzzi Piscine Special Events Lounge LOFT LOFT Apr\u00e8s la Villa Cosy voici le Loft OXYGEN-HOUSE 200m\u00b2 de pure d\u00e9tente sont mis \u00e0 votre disposition dans une vieille b\u00e2tisse datant de 1724&#8230; \u00e0 10m d\u2019OXYGEN-HOUSE I. Nous vous y proposons des formules Wellness (Piscine, jacuzzi, hammam, sauna<\/p>\n","protected":false},"author":1,"featured_media":0,"parent":0,"menu_order":0,"comment_status":"closed","ping_status":"closed","template":"","meta":{"footnotes":""},"class_list":["post-2238","page","type-page","status-publish","hentry"],"_links":{"self":[{"href":"https:\/\/www.oxygen-house.be\/fr\/wp-json\/wp\/v2\/pages\/2238","targetHints":{"allow":["GET"]}}],"collection":[{"href":"https:\/\/www.oxygen-house.be\/fr\/wp-json\/wp\/v2\/pages"}],"about":[{"href":"https:\/\/www.oxygen-house.be\/fr\/wp-json\/wp\/v2\/types\/page"}],"author":[{"embeddable":true,"href":"https:\/\/www.oxygen-house.be\/fr\/wp-json\/wp\/v2\/users\/1"}],"replies":[{"embeddable":true,"href":"https:\/\/www.oxygen-house.be\/fr\/wp-json\/wp\/v2\/comments?post=2238"}],"version-history":[{"count":32,"href":"https:\/\/www.oxygen-house.be\/fr\/wp-json\/wp\/v2\/pages\/2238\/revisions"}],"predecessor-version":[{"id":31747,"href":"https:\/\/www.oxygen-house.be\/fr\/wp-json\/wp\/v2\/pages\/2238\/revisions\/31747"}],"wp:attachment":[{"href":"https:\/\/www.oxygen-house.be\/fr\/wp-json\/wp\/v2\/media?parent=2238"}],"curies":[{"name":"wp","href":"https:\/\/api.w.org\/{rel}","templated":true}]}}