{"id":2254,"date":"2020-10-31T12:05:26","date_gmt":"2020-10-31T12:05:26","guid":{"rendered":"http:\/\/oxygen-house.pascalmoise.info\/villaprestige\/"},"modified":"2024-12-23T16:10:59","modified_gmt":"2024-12-23T16:10:59","slug":"villaprestige","status":"publish","type":"page","link":"https:\/\/www.oxygen-house.be\/fr\/villaprestige\/","title":{"rendered":"VillaPrestige"},"content":{"rendered":"\t\t<div data-elementor-type=\"wp-page\" data-elementor-id=\"2254\" class=\"elementor elementor-2254 elementor-2253\">\n\t\t\t\t\t\t<section class=\"elementor-section elementor-top-section elementor-element elementor-element-a8f2a1d elementor-section-full_width elementor-section-stretched elementor-section-height-default elementor-section-height-default\" data-id=\"a8f2a1d\" data-element_type=\"section\" data-e-type=\"section\" data-settings=\"{&quot;stretch_section&quot;:&quot;section-stretched&quot;}\">\n\t\t\t\t\t\t<div class=\"elementor-container elementor-column-gap-default\">\n\t\t\t\t\t<div class=\"elementor-column elementor-col-33 elementor-top-column elementor-element elementor-element-d3c7196\" data-id=\"d3c7196\" data-element_type=\"column\" data-e-type=\"column\">\n\t\t\t<div class=\"elementor-widget-wrap elementor-element-populated\">\n\t\t\t\t\t\t<div class=\"elementor-element elementor-element-60cda0d elementor-widget elementor-widget-heading\" data-id=\"60cda0d\" data-element_type=\"widget\" data-e-type=\"widget\" data-widget_type=\"heading.default\">\n\t\t\t\t<div class=\"elementor-widget-container\">\n\t\t\t\t\t<h5 class=\"elementor-heading-title elementor-size-default\">Gallery<\/h5>\t\t\t\t<\/div>\n\t\t\t\t<\/div>\n\t\t\t\t<div class=\"elementor-element elementor-element-2245618 elementor-arrows-position-inside elementor-widget elementor-widget-image-carousel\" data-id=\"2245618\" data-element_type=\"widget\" data-e-type=\"widget\" data-settings=\"{&quot;slides_to_show&quot;:&quot;1&quot;,&quot;navigation&quot;:&quot;arrows&quot;,&quot;autoplay_speed&quot;:10000,&quot;autoplay&quot;:&quot;yes&quot;,&quot;pause_on_hover&quot;:&quot;yes&quot;,&quot;pause_on_interaction&quot;:&quot;yes&quot;,&quot;infinite&quot;:&quot;yes&quot;,&quot;effect&quot;:&quot;slide&quot;,&quot;speed&quot;:500}\" data-widget_type=\"image-carousel.default\">\n\t\t\t\t<div class=\"elementor-widget-container\">\n\t\t\t\t\t\t\t<div class=\"elementor-image-carousel-wrapper swiper\" role=\"region\" aria-roledescription=\"carousel\" aria-label=\"Carrousel d\u2019images\" dir=\"ltr\">\n\t\t\t<div class=\"elementor-image-carousel swiper-wrapper\" aria-live=\"off\">\n\t\t\t\t\t\t\t\t<div class=\"swiper-slide\" role=\"group\" aria-roledescription=\"slide\" aria-label=\"1 sur 10\"><figure class=\"swiper-slide-inner\"><img decoding=\"async\" class=\"swiper-slide-image\" src=\"https:\/\/www.oxygen-house.be\/wp-content\/uploads\/elementor\/thumbs\/villa_prestige_pool-1-oy5gmm30f5dmg1k0i1f2vsquclg0romv7fc0nbeflk.jpg\" alt=\"villa_prestige_pool\" \/><\/figure><\/div><div class=\"swiper-slide\" role=\"group\" aria-roledescription=\"slide\" aria-label=\"2 sur 10\"><figure class=\"swiper-slide-inner\"><img decoding=\"async\" class=\"swiper-slide-image\" src=\"https:\/\/www.oxygen-house.be\/wp-content\/uploads\/elementor\/thumbs\/13_1-1-oy5gml568bcc4fldnj0gbazdr7knjzj4vaoj61ftrs.jpg\" alt=\"13_1\" \/><\/figure><\/div><div class=\"swiper-slide\" role=\"group\" aria-roledescription=\"slide\" aria-label=\"3 sur 10\"><figure class=\"swiper-slide-inner\"><img decoding=\"async\" class=\"swiper-slide-image\" src=\"https:\/\/www.oxygen-house.be\/wp-content\/uploads\/elementor\/thumbs\/12_1_1-1-oy5gml568bcc4fldnj0gbazdr7knjzj4vaoj61ftrs.jpg\" alt=\"12_1_1\" \/><\/figure><\/div><div class=\"swiper-slide\" role=\"group\" aria-roledescription=\"slide\" aria-label=\"4 sur 10\"><figure class=\"swiper-slide-inner\"><img decoding=\"async\" class=\"swiper-slide-image\" src=\"https:\/\/www.oxygen-house.be\/wp-content\/uploads\/elementor\/thumbs\/11-1-oy5gmk7c1hb1stmqt0ltqt7x5tpacafej611orh7y0.jpg\" alt=\"11\" \/><\/figure><\/div><div class=\"swiper-slide\" role=\"group\" aria-roledescription=\"slide\" aria-label=\"5 sur 10\"><figure class=\"swiper-slide-inner\"><img decoding=\"async\" class=\"swiper-slide-image\" src=\"https:\/\/www.oxygen-house.be\/wp-content\/uploads\/elementor\/thumbs\/10-1-oy5gmj9hun9rh7o3yi776bggkftx4lbo71dk7him48.jpg\" alt=\"10\" \/><\/figure><\/div><div class=\"swiper-slide\" role=\"group\" aria-roledescription=\"slide\" aria-label=\"6 sur 10\"><figure class=\"swiper-slide-inner\"><img decoding=\"async\" class=\"swiper-slide-image\" src=\"https:\/\/www.oxygen-house.be\/wp-content\/uploads\/elementor\/thumbs\/9-1-oy5gmj9hun9rh7o3yi776bggkftx4lbo71dk7him48.jpg\" alt=\"9\" \/><\/figure><\/div><div class=\"swiper-slide\" role=\"group\" aria-roledescription=\"slide\" aria-label=\"7 sur 10\"><figure class=\"swiper-slide-inner\"><img decoding=\"async\" class=\"swiper-slide-image\" src=\"https:\/\/www.oxygen-house.be\/wp-content\/uploads\/elementor\/thumbs\/8-1-oy5gmibnnt8h5lph3zskltozz1yjww7xuwq2q7k0ag.jpg\" alt=\"8\" \/><\/figure><\/div><div class=\"swiper-slide\" role=\"group\" aria-roledescription=\"slide\" aria-label=\"8 sur 10\"><figure class=\"swiper-slide-inner\"><img decoding=\"async\" class=\"swiper-slide-image\" src=\"https:\/\/www.oxygen-house.be\/wp-content\/uploads\/elementor\/thumbs\/7-1-oy5gmgfza55wids7eyzbgu62sa7thi0h6nf3rnmsmw.jpg\" alt=\"7\" \/><\/figure><\/div><div class=\"swiper-slide\" role=\"group\" aria-roledescription=\"slide\" aria-label=\"9 sur 10\"><figure class=\"swiper-slide-inner\"><img decoding=\"async\" class=\"swiper-slide-image\" src=\"https:\/\/www.oxygen-house.be\/wp-content\/uploads\/elementor\/thumbs\/2-1-oy5gm2cefmmlo8copavwxfq5vi5ba1gi4pmtki7p88.jpg\" alt=\"2\" \/><\/figure><\/div><div class=\"swiper-slide\" role=\"group\" aria-roledescription=\"slide\" aria-label=\"10 sur 10\"><figure class=\"swiper-slide-inner\"><img decoding=\"async\" class=\"swiper-slide-image\" src=\"https:\/\/www.oxygen-house.be\/wp-content\/uploads\/elementor\/thumbs\/4-1-oy5gmcomit0r7xxo0xct6v48eqqcmplju4t5ujsdbs.jpg\" alt=\"4\" \/><\/figure><\/div>\t\t\t<\/div>\n\t\t\t\t\t\t\t\t\t\t\t\t<div class=\"elementor-swiper-button elementor-swiper-button-prev\" role=\"button\" tabindex=\"0\">\n\t\t\t\t\t\t<i aria-hidden=\"true\" class=\"eicon-chevron-left\"><\/i>\t\t\t\t\t<\/div>\n\t\t\t\t\t<div class=\"elementor-swiper-button elementor-swiper-button-next\" role=\"button\" tabindex=\"0\">\n\t\t\t\t\t\t<i aria-hidden=\"true\" class=\"eicon-chevron-right\"><\/i>\t\t\t\t\t<\/div>\n\t\t\t\t\n\t\t\t\t\t\t\t\t\t<\/div>\n\t\t\t\t\t\t<\/div>\n\t\t\t\t<\/div>\n\t\t\t\t\t<\/div>\n\t\t<\/div>\n\t\t\t\t<div class=\"elementor-column elementor-col-66 elementor-top-column elementor-element elementor-element-b6f57f5\" data-id=\"b6f57f5\" data-element_type=\"column\" data-e-type=\"column\">\n\t\t\t<div class=\"elementor-widget-wrap elementor-element-populated\">\n\t\t\t\t\t\t<div class=\"elementor-element elementor-element-9e97a54 elementor-widget elementor-widget-heading\" data-id=\"9e97a54\" data-element_type=\"widget\" data-e-type=\"widget\" data-widget_type=\"heading.default\">\n\t\t\t\t<div class=\"elementor-widget-container\">\n\t\t\t\t\t<h5 class=\"elementor-heading-title elementor-size-default\">Villa Prestige<\/h5>\t\t\t\t<\/div>\n\t\t\t\t<\/div>\n\t\t\t\t<div class=\"elementor-element elementor-element-4dd8ba5 elementor-tabs-view-vertical elementor-widget elementor-widget-tabs\" data-id=\"4dd8ba5\" data-element_type=\"widget\" data-e-type=\"widget\" data-widget_type=\"tabs.default\">\n\t\t\t\t<div class=\"elementor-widget-container\">\n\t\t\t\t\t\t\t<div class=\"elementor-tabs\">\n\t\t\t<div class=\"elementor-tabs-wrapper\" role=\"tablist\" >\n\t\t\t\t\t\t\t\t\t<div id=\"elementor-tab-title-8161\" class=\"elementor-tab-title elementor-tab-desktop-title\" aria-selected=\"true\" data-tab=\"1\" role=\"tab\" tabindex=\"0\" aria-controls=\"elementor-tab-content-8161\" aria-expanded=\"false\">VILLA PRESTIGE<\/div>\n\t\t\t\t\t\t\t\t\t<div id=\"elementor-tab-title-8162\" class=\"elementor-tab-title elementor-tab-desktop-title\" aria-selected=\"false\" data-tab=\"2\" role=\"tab\" tabindex=\"-1\" aria-controls=\"elementor-tab-content-8162\" aria-expanded=\"false\">Caldarium<\/div>\n\t\t\t\t\t\t\t\t\t<div id=\"elementor-tab-title-8163\" class=\"elementor-tab-title elementor-tab-desktop-title\" aria-selected=\"false\" data-tab=\"3\" role=\"tab\" tabindex=\"-1\" aria-controls=\"elementor-tab-content-8163\" aria-expanded=\"false\">Sauna Sec<\/div>\n\t\t\t\t\t\t\t\t\t<div id=\"elementor-tab-title-8164\" class=\"elementor-tab-title elementor-tab-desktop-title\" aria-selected=\"false\" data-tab=\"4\" role=\"tab\" tabindex=\"-1\" aria-controls=\"elementor-tab-content-8164\" aria-expanded=\"false\">Hammam<\/div>\n\t\t\t\t\t\t\t\t\t<div id=\"elementor-tab-title-8165\" class=\"elementor-tab-title elementor-tab-desktop-title\" aria-selected=\"false\" data-tab=\"5\" role=\"tab\" tabindex=\"-1\" aria-controls=\"elementor-tab-content-8165\" aria-expanded=\"false\">Infrarouge<\/div>\n\t\t\t\t\t\t\t\t\t<div id=\"elementor-tab-title-8166\" class=\"elementor-tab-title elementor-tab-desktop-title\" aria-selected=\"false\" data-tab=\"6\" role=\"tab\" tabindex=\"-1\" aria-controls=\"elementor-tab-content-8166\" aria-expanded=\"false\">Jacuzzi<\/div>\n\t\t\t\t\t\t\t\t\t<div id=\"elementor-tab-title-8167\" class=\"elementor-tab-title elementor-tab-desktop-title\" aria-selected=\"false\" data-tab=\"7\" role=\"tab\" tabindex=\"-1\" aria-controls=\"elementor-tab-content-8167\" aria-expanded=\"false\">Piscine<\/div>\n\t\t\t\t\t\t\t\t\t<div id=\"elementor-tab-title-8168\" class=\"elementor-tab-title elementor-tab-desktop-title\" aria-selected=\"false\" data-tab=\"8\" role=\"tab\" tabindex=\"-1\" aria-controls=\"elementor-tab-content-8168\" aria-expanded=\"false\">Events<\/div>\n\t\t\t\t\t\t\t\t\t<div id=\"elementor-tab-title-8169\" class=\"elementor-tab-title elementor-tab-desktop-title\" aria-selected=\"false\" data-tab=\"9\" role=\"tab\" tabindex=\"-1\" aria-controls=\"elementor-tab-content-8169\" aria-expanded=\"false\">Lounge<\/div>\n\t\t\t\t\t\t\t<\/div>\n\t\t\t<div class=\"elementor-tabs-content-wrapper\" role=\"tablist\" aria-orientation=\"vertical\">\n\t\t\t\t\t\t\t\t\t<div class=\"elementor-tab-title elementor-tab-mobile-title\" aria-selected=\"true\" data-tab=\"1\" role=\"tab\" tabindex=\"0\" aria-controls=\"elementor-tab-content-8161\" aria-expanded=\"false\">VILLA PRESTIGE<\/div>\n\t\t\t\t\t<div id=\"elementor-tab-content-8161\" class=\"elementor-tab-content elementor-clearfix\" data-tab=\"1\" role=\"tabpanel\" aria-labelledby=\"elementor-tab-title-8161\" tabindex=\"0\" hidden=\"false\"><div class=\"row\"><div class=\"col-lg-7 col-md-12\"><h4>VILLA PRESTIGE<\/h4><p>Apr\u00e8s la <a href=\"http:\/\/www.oxygen-house.be\/fr\/VillaCosy\">Cosy<\/a> et le <a href=\"http:\/\/www.oxygen-house.be\/fr\/Loft\">Loft<\/a>, nous avons le plaisir de vous pr\u00e9senter la \u00a0\u00bb Villa Prestige \u00ab\u00a0, notre nouveau spa priv\u00e9.<\/p><p>Annex\u00e9e au loft, celle-ci a \u00e9t\u00e9 totalement r\u00e9nov\u00e9e en pr\u00e9servant, comme toujours, l&rsquo;origine historique des b\u00e2timents.<\/p><p>Venez y d\u00e9couvrir son <a href=\"http:\/\/www.oxygen-house.be\/en\/VillaPrestige\">Caldarium <\/a>am\u00e9nag\u00e9 dans une cave datant de plus de 250 ans.<br \/>En conservant l&rsquo;esprit de la \u00ab\u00a0maison\u00a0\u00bb, une nouvelle source de bien-\u00eatre o\u00f9 vous pourrez vous d\u00e9tendre en toute qui\u00e9tude!<\/p><p>L&rsquo;espace bien-\u00eatre de la Villa Prestige est bas\u00e9 sur le concept de location priv\u00e9e. Il est possible de vous y retirer avec vos proches pour 2 heures, 3 heures ou toute une journ\u00e9e avec une capacit\u00e9 de <b>2<\/b> \u00e0 <b>30<\/b> personnes.<\/p><\/div><div class=\"col-lg-5 col-md-12\"><p><img decoding=\"async\" class=\"alignnone size-medium wp-image-427\" src=\"http:\/\/www.oxygen-house.be\/wp-content\/uploads\/2020\/11\/villa_prestige-768x456.jpg\" alt=\"\" width=\"100%\" height=\"100%\" \/><\/p><div class=\"text-center\" style=\"margin-top: 25px;\"><a class=\"btn\" href=\"https:\/\/www.oxygen-house.be\/fr\/prix\/\">Prix<\/a><\/div><\/div><\/div><\/div>\n\t\t\t\t\t\t\t\t\t<div class=\"elementor-tab-title elementor-tab-mobile-title\" aria-selected=\"false\" data-tab=\"2\" role=\"tab\" tabindex=\"-1\" aria-controls=\"elementor-tab-content-8162\" aria-expanded=\"false\">Caldarium<\/div>\n\t\t\t\t\t<div id=\"elementor-tab-content-8162\" class=\"elementor-tab-content elementor-clearfix\" data-tab=\"2\" role=\"tabpanel\" aria-labelledby=\"elementor-tab-title-8162\" tabindex=\"0\" hidden=\"hidden\"><div class=\"row\">\n<div class=\"col-lg-7 col-md-12\">\n<h4>Caldarium<\/h4>\nLa temp\u00e9rature atteinte dans un caldarium est estim\u00e9e par d\u00e9duction la temp\u00e9rature des hammams modernes est de l&rsquo;ordre de 45\u00b0C, celle d&rsquo;un sauna peut atteindre 85\u00b0C. On sait que les Romains devaient chausser des sandales \u00e0 semelle de bois pour circuler dans un Caldarium sans se br\u00fbler. Certains auteurs estiment donc la temp\u00e9rature atteinte dans un caldarium \u00e0 50\/55\u00b0C.\n\n\n\n<\/div>\n<div class=\"col-lg-5 col-md-12\"><img decoding=\"async\" class=\"alignnone size-medium wp-image-436\" src=\"http:\/\/www.oxygen-house.be\/wp-content\/uploads\/2020\/11\/4-768x456.jpg\" alt=\"\" width=\"100%\" height=\"100%\" \/><\/div>\n<\/div><\/div>\n\t\t\t\t\t\t\t\t\t<div class=\"elementor-tab-title elementor-tab-mobile-title\" aria-selected=\"false\" data-tab=\"3\" role=\"tab\" tabindex=\"-1\" aria-controls=\"elementor-tab-content-8163\" aria-expanded=\"false\">Sauna Sec<\/div>\n\t\t\t\t\t<div id=\"elementor-tab-content-8163\" class=\"elementor-tab-content elementor-clearfix\" data-tab=\"3\" role=\"tabpanel\" aria-labelledby=\"elementor-tab-title-8163\" tabindex=\"0\" hidden=\"hidden\"><div class=\"row\">\n<div class=\"col-lg-7 col-md-12\">\n<h4>Sauna Sec\n<\/h4>\n<b>3-20% d&rsquo;humidit\u00e9 &#038; 80-105\u00b0C\n<\/b><br>\nLes bains chauds secs et humides \u00e9taient d\u00e9j\u00e0 utilis\u00e9s \u00e0 l&rsquo;\u00e9poque des Romains et se parachevaient d&rsquo;un massage aux huiles parfum\u00e9es. \u00ab\u00a0Une antique et universelle tradition de l&rsquo;humanit\u00e9\u00a0\u00bb pr\u00e9sent sur tous les continents et dont les origines remontent \u00e0 la nuit des temps\u2026\n\n<br><br>Les gu\u00e9risseurs et les shamans avaient l&rsquo;habitude d&rsquo;utiliser le SAUNA pour soigner les maladies et purifier les corps. Les applications d&rsquo;eau chaude et froide sur le corps ont r\u00e9v\u00e9l\u00e9 des processus de r\u00e9actions que l&rsquo;on peut d\u00e9clencher et ma\u00eetriser. Les traces de ces pratiques ont \u00e9t\u00e9 retrouv\u00e9es dans la civilisation sum\u00e9rienne, chez les chinois, azt\u00e8ques et peuples d&rsquo;Europe centrale. Le sauna appartient \u00e0 une technique plus vaste : l&rsquo;Hydrologie. Celle-ci, \u00e9lev\u00e9e par des scientifiques au rang de th\u00e9rapie, repr\u00e9sente avec la Phytoth\u00e9rapie, une des bases m\u00e9dicales les plus connues, utilis\u00e9e universellement depuis l&rsquo;antiquit\u00e9! En Finlande, cette technique vieille de 2000 ans \u00e0 caract\u00e8re hygi\u00e8no-th\u00e9rapeutique, rassemble 1.600.000 adeptes (1\/3 des habitants), Allemagne (700.000), France (35.000)\u2026\n\n\n\n<\/div>\n<div class=\"col-lg-5 col-md-12\"><img decoding=\"async\" class=\"alignnone size-medium wp-image-444\" src=\"http:\/\/www.oxygen-house.be\/wp-content\/uploads\/2020\/11\/9-768x456.jpg\" alt=\"\" width=\"100%\" height=\"100%\" \/><\/div>\n<\/div><\/div>\n\t\t\t\t\t\t\t\t\t<div class=\"elementor-tab-title elementor-tab-mobile-title\" aria-selected=\"false\" data-tab=\"4\" role=\"tab\" tabindex=\"-1\" aria-controls=\"elementor-tab-content-8164\" aria-expanded=\"false\">Hammam<\/div>\n\t\t\t\t\t<div id=\"elementor-tab-content-8164\" class=\"elementor-tab-content elementor-clearfix\" data-tab=\"4\" role=\"tabpanel\" aria-labelledby=\"elementor-tab-title-8164\" tabindex=\"0\" hidden=\"hidden\"><div class=\"row\">\n<div class=\"col-lg-7 col-md-12\">\n<h4>Hammam<\/h4>\n<b>100% D&rsquo; HUMIDITE &#038; 47C\u00b0\n<\/b>\nQuand l&rsquo;on pense \u00e0 Rome, on y associe souvent les bains immenses appel\u00e9s Thermes. L&#8217;empereur Agrippa construisit les premiers Thermes en 25 apr\u00e8s J-C. La pratique du hammam ne commen\u00e7a vraiment \u00e0 se d\u00e9velopper qu&rsquo; environ 600 ans apr\u00e8s J-C, les bains turcs s&rsquo;inspir\u00e8rent des bains romains et grecs. Ils ont connu un succ\u00e8s consid\u00e9rable dans le monde arabe et ont \u00e9t\u00e9 int\u00e9gr\u00e9 dans la pratique de l&rsquo;islam comme r\u00e8gle de purification et d&rsquo;hygi\u00e8ne\u2026\n\n<br><br>\nLe hammam est \u00e0 une temp\u00e9rature de 40-50\u00b0C et une humidit\u00e9 \u00e9lev\u00e9e de 95-100%. Il d\u00e9tendra vos muscles, apportera un \u00e9quilibre hydrique de votre corps et d\u00e9gagera agr\u00e9ablement vos voies respiratoires gr\u00e2ce \u00e0 sa vapeur impr\u00e9gn\u00e9e d&rsquo;eucalyptus et de menthe.\n\n\n<\/div>\n<div class=\"col-lg-5 col-md-12\"><img decoding=\"async\" class=\"alignnone size-medium wp-image-449\" src=\"http:\/\/www.oxygen-house.be\/wp-content\/uploads\/2020\/11\/10-768x456.jpg\" alt=\"\" width=\"100%\" height=\"100%\" \/><\/div>\n<\/div><\/div>\n\t\t\t\t\t\t\t\t\t<div class=\"elementor-tab-title elementor-tab-mobile-title\" aria-selected=\"false\" data-tab=\"5\" role=\"tab\" tabindex=\"-1\" aria-controls=\"elementor-tab-content-8165\" aria-expanded=\"false\">Infrarouge<\/div>\n\t\t\t\t\t<div id=\"elementor-tab-content-8165\" class=\"elementor-tab-content elementor-clearfix\" data-tab=\"5\" role=\"tabpanel\" aria-labelledby=\"elementor-tab-title-8165\" tabindex=\"0\" hidden=\"hidden\"><div class=\"row\">\n<div class=\"col-lg-7 col-md-12\">\n<h4>Infrarouge\n<\/h4>\n<b>Onde courte IR-A = 50\u00b0C\n\n<\/b><br>\nLes romains pla\u00e7aient un bac de charbon ardant dans leur Laconium. Le charbon \u00e9tait \u00e0 l&rsquo;\u00e9poque le seul combustible qui permettait d&rsquo;obtenir des IR-A ( Infrarouge diffusant des ondes courtes ). A notre \u00e9poque, nous avons des lampes d&rsquo;ondes moyennes (IR-B) et d&rsquo;ondes longues (IR-C) qui ont des intensit\u00e9s diff\u00e9rentes permettant de traverser plus profond\u00e9ment les couches de peaux, afin d&rsquo;atteindre des maux que la chaleur du sauna ne peut pas atteindre.\n\n<br><br>\nL&rsquo; IR-A, produite par les lampes robax de la cabine infrarouge, est utilis\u00e9e pour traiter les probl\u00e8mes articulaires, douleurs musculaires, de l&rsquo;ecz\u00e9ma, le psoriasis, l&rsquo;acn\u00e9, l&rsquo;asthme&#8230;\n\n\n\n<\/div>\n<div class=\"col-lg-5 col-md-12\"><img fetchpriority=\"high\" decoding=\"async\" class=\"alignnone size-medium wp-image-453\" src=\"http:\/\/www.oxygen-house.be\/wp-content\/uploads\/2020\/11\/8-768x456.jpg\" alt=\"\" width=\"768\" height=\"456\" \/>\n\n<img decoding=\"async\" class=\"alignnone size-medium wp-image-456\" src=\"http:\/\/www.oxygen-house.be\/wp-content\/uploads\/2020\/11\/loft_infrared-447x456.jpg\" alt=\"\" width=\"100%\" height=\"100%\" \/><\/div>\n<\/div><\/div>\n\t\t\t\t\t\t\t\t\t<div class=\"elementor-tab-title elementor-tab-mobile-title\" aria-selected=\"false\" data-tab=\"6\" role=\"tab\" tabindex=\"-1\" aria-controls=\"elementor-tab-content-8166\" aria-expanded=\"false\">Jacuzzi<\/div>\n\t\t\t\t\t<div id=\"elementor-tab-content-8166\" class=\"elementor-tab-content elementor-clearfix\" data-tab=\"6\" role=\"tabpanel\" aria-labelledby=\"elementor-tab-title-8166\" tabindex=\"0\" hidden=\"hidden\"><div class=\"row\">\n<div class=\"col-lg-7 col-md-12\">\n<h4>Jacuzzi<\/h4>\nLe Jacuzzi se situe \u00e0 l&rsquo;ext\u00e9rieur \u00e0 ciel ouvert. La temp\u00e9rature de l&rsquo;eau est en permanence \u00e0 37,5 degr\u00e9s. Il dispose d&rsquo;une multitude de jets sp\u00e9cifiques aux diff\u00e9rentes parties de votre corps et vous procurera bien plus de d\u00e9tente qu&rsquo;un bain bulles classique &#8230; Les si\u00e8ges y sont ergonomiques. Les 2 moteurs fournissent une puissance de massage optimale.\n\n\n\n<\/div>\n<div class=\"col-lg-5 col-md-12\"><img decoding=\"async\" class=\"alignnone size-medium wp-image-460\" src=\"http:\/\/www.oxygen-house.be\/wp-content\/uploads\/2020\/11\/12_1_1-768x432.jpg\" alt=\"\" width=\"100%\" height=\"100%\" \/><\/div>\n<\/div><\/div>\n\t\t\t\t\t\t\t\t\t<div class=\"elementor-tab-title elementor-tab-mobile-title\" aria-selected=\"false\" data-tab=\"7\" role=\"tab\" tabindex=\"-1\" aria-controls=\"elementor-tab-content-8167\" aria-expanded=\"false\">Piscine<\/div>\n\t\t\t\t\t<div id=\"elementor-tab-content-8167\" class=\"elementor-tab-content elementor-clearfix\" data-tab=\"7\" role=\"tabpanel\" aria-labelledby=\"elementor-tab-title-8167\" tabindex=\"0\" hidden=\"hidden\"><div class=\"row\">\n<div class=\"col-lg-7 col-md-12\">\n<h4>Piscine &#038; Jetstream\n<\/h4>\nImmerger lentement dans la chaleur apaisante de l&rsquo;eau, sentir l&rsquo;\u00e9l\u00e9ment humide sur votre corps. Quelle bienfaisance! Plus de stress, une force nouvelle pour le corps, l&rsquo;esprit et l&rsquo;\u00e2me, se d\u00e9tendre sous les \u00e9toiles. Tout cela est possible dans notre piscine ext\u00e9rieure chauff\u00e9e \u00e0 30\u00b0-32\u00b0C&#8230;\n\n\n\n<\/div>\n<div class=\"col-lg-5 col-md-12\"><img decoding=\"async\" class=\"alignnone size-medium wp-image-460\" src=\"http:\/\/www.oxygen-house.be\/wp-content\/uploads\/2020\/11\/12_1_1-768x432.jpg\" alt=\"\" width=\"100%\" height=\"100%\" \/><\/div>\n<\/div><\/div>\n\t\t\t\t\t\t\t\t\t<div class=\"elementor-tab-title elementor-tab-mobile-title\" aria-selected=\"false\" data-tab=\"8\" role=\"tab\" tabindex=\"-1\" aria-controls=\"elementor-tab-content-8168\" aria-expanded=\"false\">Events<\/div>\n\t\t\t\t\t<div id=\"elementor-tab-content-8168\" class=\"elementor-tab-content elementor-clearfix\" data-tab=\"8\" role=\"tabpanel\" aria-labelledby=\"elementor-tab-title-8168\" tabindex=\"0\" hidden=\"hidden\"><div class=\"row\">\n<div class=\"col-lg-7 col-md-12\">\n<h4>Events<\/h4>\nVous pouvez louer toute la maison + de 300m\u00b2 avec ses jardins ainsi que infrastructure Wellness. Nous organisons le traiteur, le service bar pour s\u00e9minaires, r\u00e9unions, formations, cours divers et anniversaires.\n<br><br>\nNous consulter pour une offre personnalis\u00e9e \u00e0 vos besoins.\n\n\n<\/div>\n<div class=\"col-lg-5 col-md-12\"><img decoding=\"async\" class=\"alignnone size-medium wp-image-466\" src=\"http:\/\/www.oxygen-house.be\/wp-content\/uploads\/2020\/11\/loft_3-768x456.jpg\" alt=\"\" width=\"100%\" height=\"100%\" \/><\/div>\n<\/div><\/div>\n\t\t\t\t\t\t\t\t\t<div class=\"elementor-tab-title elementor-tab-mobile-title\" aria-selected=\"false\" data-tab=\"9\" role=\"tab\" tabindex=\"-1\" aria-controls=\"elementor-tab-content-8169\" aria-expanded=\"false\">Lounge<\/div>\n\t\t\t\t\t<div id=\"elementor-tab-content-8169\" class=\"elementor-tab-content elementor-clearfix\" data-tab=\"9\" role=\"tabpanel\" aria-labelledby=\"elementor-tab-title-8169\" tabindex=\"0\" hidden=\"hidden\"><div class=\"row\">\n<div class=\"col-lg-12 col-md-12\"><\/div>\n<div class=\"col-lg-7 col-md-12\">\n<h4>Lounge<\/h4>\nCette zone vous permettra de vous octroyer des moments de repos durant les passages entre les diff\u00e9rents appareils\n<br>\nVous y appr\u00e9cierez ses musiques relaxantes et ses lumi\u00e8res tamis\u00e9es dans son cadre agr\u00e9able et intimiste du Lounge qui vous invitera \u00e0 une d\u00e9tente totale.\n\n\n\n<\/div>\n<div class=\"col-lg-5 col-md-12\"><img decoding=\"async\" class=\"alignnone size-medium wp-image-471\" src=\"http:\/\/www.oxygen-house.be\/wp-content\/uploads\/2020\/11\/2-768x456.jpg\" alt=\"\" width=\"100%\" height=\"100%\" \/><\/div>\n<\/div><\/div>\n\t\t\t\t\t\t\t<\/div>\n\t\t<\/div>\n\t\t\t\t\t\t<\/div>\n\t\t\t\t<\/div>\n\t\t\t\t\t<\/div>\n\t\t<\/div>\n\t\t\t\t\t<\/div>\n\t\t<\/section>\n\t\t\t\t<\/div>\n\t\t","protected":false},"excerpt":{"rendered":"<p>Gallery Villa Prestige VILLA PRESTIGE Caldarium Sauna Sec Hammam Infrarouge Jacuzzi Piscine Events Lounge VILLA PRESTIGE VILLA PRESTIGE Apr\u00e8s la Cosy et le Loft, nous avons le plaisir de vous pr\u00e9senter la &#8221; Villa Prestige &#8220;, notre nouveau spa priv\u00e9. Annex\u00e9e au loft, celle-ci a \u00e9t\u00e9 totalement r\u00e9nov\u00e9e en pr\u00e9servant, comme toujours, l&#8217;origine historique des<\/p>\n","protected":false},"author":1,"featured_media":0,"parent":0,"menu_order":0,"comment_status":"closed","ping_status":"closed","template":"","meta":{"footnotes":""},"class_list":["post-2254","page","type-page","status-publish","hentry"],"_links":{"self":[{"href":"https:\/\/www.oxygen-house.be\/fr\/wp-json\/wp\/v2\/pages\/2254","targetHints":{"allow":["GET"]}}],"collection":[{"href":"https:\/\/www.oxygen-house.be\/fr\/wp-json\/wp\/v2\/pages"}],"about":[{"href":"https:\/\/www.oxygen-house.be\/fr\/wp-json\/wp\/v2\/types\/page"}],"author":[{"embeddable":true,"href":"https:\/\/www.oxygen-house.be\/fr\/wp-json\/wp\/v2\/users\/1"}],"replies":[{"embeddable":true,"href":"https:\/\/www.oxygen-house.be\/fr\/wp-json\/wp\/v2\/comments?post=2254"}],"version-history":[{"count":37,"href":"https:\/\/www.oxygen-house.be\/fr\/wp-json\/wp\/v2\/pages\/2254\/revisions"}],"predecessor-version":[{"id":31741,"href":"https:\/\/www.oxygen-house.be\/fr\/wp-json\/wp\/v2\/pages\/2254\/revisions\/31741"}],"wp:attachment":[{"href":"https:\/\/www.oxygen-house.be\/fr\/wp-json\/wp\/v2\/media?parent=2254"}],"curies":[{"name":"wp","href":"https:\/\/api.w.org\/{rel}","templated":true}]}}