{"id":2237,"date":"2020-11-02T07:23:06","date_gmt":"2020-11-02T07:23:06","guid":{"rendered":"http:\/\/oxygen-house.pascalmoise.info\/loft\/"},"modified":"2024-12-23T16:12:08","modified_gmt":"2024-12-23T16:12:08","slug":"loft","status":"publish","type":"page","link":"https:\/\/www.oxygen-house.be\/nl\/loft\/","title":{"rendered":"Loft"},"content":{"rendered":"\t\t<div data-elementor-type=\"wp-page\" data-elementor-id=\"2237\" class=\"elementor elementor-2237\">\n\t\t\t\t\t\t<section class=\"elementor-section elementor-top-section elementor-element elementor-element-a8f2a1d elementor-section-full_width elementor-section-stretched elementor-section-height-default elementor-section-height-default\" data-id=\"a8f2a1d\" data-element_type=\"section\" data-e-type=\"section\" data-settings=\"{&quot;stretch_section&quot;:&quot;section-stretched&quot;}\">\n\t\t\t\t\t\t<div class=\"elementor-container elementor-column-gap-default\">\n\t\t\t\t\t<div class=\"elementor-column elementor-col-33 elementor-top-column elementor-element elementor-element-d3c7196\" data-id=\"d3c7196\" data-element_type=\"column\" data-e-type=\"column\">\n\t\t\t<div class=\"elementor-widget-wrap elementor-element-populated\">\n\t\t\t\t\t\t<div class=\"elementor-element elementor-element-60cda0d elementor-widget elementor-widget-heading\" data-id=\"60cda0d\" data-element_type=\"widget\" data-e-type=\"widget\" data-widget_type=\"heading.default\">\n\t\t\t\t<div class=\"elementor-widget-container\">\n\t\t\t\t\t<h4 class=\"elementor-heading-title elementor-size-default\">Gallery<\/h4>\t\t\t\t<\/div>\n\t\t\t\t<\/div>\n\t\t\t\t<div class=\"elementor-element elementor-element-1645811 elementor-arrows-position-inside elementor-widget elementor-widget-image-carousel\" data-id=\"1645811\" data-element_type=\"widget\" data-e-type=\"widget\" data-settings=\"{&quot;slides_to_show&quot;:&quot;1&quot;,&quot;navigation&quot;:&quot;arrows&quot;,&quot;autoplay_speed&quot;:10000,&quot;autoplay&quot;:&quot;yes&quot;,&quot;pause_on_hover&quot;:&quot;yes&quot;,&quot;pause_on_interaction&quot;:&quot;yes&quot;,&quot;infinite&quot;:&quot;yes&quot;,&quot;effect&quot;:&quot;slide&quot;,&quot;speed&quot;:500}\" data-widget_type=\"image-carousel.default\">\n\t\t\t\t<div class=\"elementor-widget-container\">\n\t\t\t\t\t\t\t<div class=\"elementor-image-carousel-wrapper swiper\" role=\"region\" aria-roledescription=\"carousel\" aria-label=\"Afbeelding carrousel\" dir=\"ltr\">\n\t\t\t<div class=\"elementor-image-carousel swiper-wrapper\" aria-live=\"off\">\n\t\t\t\t\t\t\t\t<div class=\"swiper-slide\" role=\"group\" aria-roledescription=\"slide\" aria-label=\"1 van 4\"><figure class=\"swiper-slide-inner\"><img decoding=\"async\" class=\"swiper-slide-image\" src=\"https:\/\/www.oxygen-house.be\/wp-content\/uploads\/elementor\/thumbs\/20110829_212538_8664-2-oylmlvpi4u3eqkgod2ji6920ywnsqenpwji5vtl3xc.jpg\" alt=\"20110829_212538_8664\" \/><\/figure><\/div><div class=\"swiper-slide\" role=\"group\" aria-roledescription=\"slide\" aria-label=\"2 van 4\"><figure class=\"swiper-slide-inner\"><img decoding=\"async\" class=\"swiper-slide-image\" src=\"https:\/\/www.oxygen-house.be\/wp-content\/uploads\/elementor\/thumbs\/20110829_204122_8615_sharpened_120-oylmg31bzm5r54vs7kcbsppp3d8b9lnb3uodce6iao.jpg\" alt=\"20110829_204122_8615_sharpened_120\" \/><\/figure><\/div><div class=\"swiper-slide\" role=\"group\" aria-roledescription=\"slide\" aria-label=\"3 van 4\"><figure class=\"swiper-slide-inner\"><img decoding=\"async\" class=\"swiper-slide-image\" src=\"https:\/\/www.oxygen-house.be\/wp-content\/uploads\/elementor\/thumbs\/20110826_113526_8058_a-oylmfelj1x8ar9va69s0zvvpnckrpgyachpqv76qsg.jpg\" alt=\"20110826_113526_8058_a\" \/><\/figure><\/div><div class=\"swiper-slide\" role=\"group\" aria-roledescription=\"slide\" aria-label=\"4 van 4\"><figure class=\"swiper-slide-inner\"><img decoding=\"async\" class=\"swiper-slide-image\" src=\"https:\/\/www.oxygen-house.be\/wp-content\/uploads\/elementor\/thumbs\/20110829_205358_8628-oylmmnwntv60evbpseqb91xusgst5bro0f2qa4faqo.jpg\" alt=\"20110829_205358_8628\" \/><\/figure><\/div>\t\t\t<\/div>\n\t\t\t\t\t\t\t\t\t\t\t\t<div class=\"elementor-swiper-button elementor-swiper-button-prev\" role=\"button\" tabindex=\"0\">\n\t\t\t\t\t\t<i aria-hidden=\"true\" class=\"eicon-chevron-left\"><\/i>\t\t\t\t\t<\/div>\n\t\t\t\t\t<div class=\"elementor-swiper-button elementor-swiper-button-next\" role=\"button\" tabindex=\"0\">\n\t\t\t\t\t\t<i aria-hidden=\"true\" class=\"eicon-chevron-right\"><\/i>\t\t\t\t\t<\/div>\n\t\t\t\t\n\t\t\t\t\t\t\t\t\t<\/div>\n\t\t\t\t\t\t<\/div>\n\t\t\t\t<\/div>\n\t\t\t\t\t<\/div>\n\t\t<\/div>\n\t\t\t\t<div class=\"elementor-column elementor-col-66 elementor-top-column elementor-element elementor-element-b6f57f5\" data-id=\"b6f57f5\" data-element_type=\"column\" data-e-type=\"column\">\n\t\t\t<div class=\"elementor-widget-wrap elementor-element-populated\">\n\t\t\t\t\t\t<div class=\"elementor-element elementor-element-9e97a54 elementor-widget elementor-widget-heading\" data-id=\"9e97a54\" data-element_type=\"widget\" data-e-type=\"widget\" data-widget_type=\"heading.default\">\n\t\t\t\t<div class=\"elementor-widget-container\">\n\t\t\t\t\t<h4 class=\"elementor-heading-title elementor-size-default\">LOFT<\/h4>\t\t\t\t<\/div>\n\t\t\t\t<\/div>\n\t\t\t\t<div class=\"elementor-element elementor-element-4dd8ba5 elementor-tabs-view-vertical elementor-widget elementor-widget-tabs\" data-id=\"4dd8ba5\" data-element_type=\"widget\" data-e-type=\"widget\" data-widget_type=\"tabs.default\">\n\t\t\t\t<div class=\"elementor-widget-container\">\n\t\t\t\t\t\t\t<div class=\"elementor-tabs\">\n\t\t\t<div class=\"elementor-tabs-wrapper\" role=\"tablist\" >\n\t\t\t\t\t\t\t\t\t<div id=\"elementor-tab-title-8161\" class=\"elementor-tab-title elementor-tab-desktop-title\" aria-selected=\"true\" data-tab=\"1\" role=\"tab\" tabindex=\"0\" aria-controls=\"elementor-tab-content-8161\" aria-expanded=\"false\">LOFT<\/div>\n\t\t\t\t\t\t\t\t\t<div id=\"elementor-tab-title-8162\" class=\"elementor-tab-title elementor-tab-desktop-title\" aria-selected=\"false\" data-tab=\"2\" role=\"tab\" tabindex=\"-1\" aria-controls=\"elementor-tab-content-8162\" aria-expanded=\"false\">Droge Sauna<\/div>\n\t\t\t\t\t\t\t\t\t<div id=\"elementor-tab-title-8163\" class=\"elementor-tab-title elementor-tab-desktop-title\" aria-selected=\"false\" data-tab=\"3\" role=\"tab\" tabindex=\"-1\" aria-controls=\"elementor-tab-content-8163\" aria-expanded=\"false\">Bio Sauna<\/div>\n\t\t\t\t\t\t\t\t\t<div id=\"elementor-tab-title-8164\" class=\"elementor-tab-title elementor-tab-desktop-title\" aria-selected=\"false\" data-tab=\"4\" role=\"tab\" tabindex=\"-1\" aria-controls=\"elementor-tab-content-8164\" aria-expanded=\"false\">Hammam<\/div>\n\t\t\t\t\t\t\t\t\t<div id=\"elementor-tab-title-8165\" class=\"elementor-tab-title elementor-tab-desktop-title\" aria-selected=\"false\" data-tab=\"5\" role=\"tab\" tabindex=\"-1\" aria-controls=\"elementor-tab-content-8165\" aria-expanded=\"false\">Infrarood<\/div>\n\t\t\t\t\t\t\t\t\t<div id=\"elementor-tab-title-8166\" class=\"elementor-tab-title elementor-tab-desktop-title\" aria-selected=\"false\" data-tab=\"6\" role=\"tab\" tabindex=\"-1\" aria-controls=\"elementor-tab-content-8166\" aria-expanded=\"false\">Jacuzzi<\/div>\n\t\t\t\t\t\t\t\t\t<div id=\"elementor-tab-title-8167\" class=\"elementor-tab-title elementor-tab-desktop-title\" aria-selected=\"false\" data-tab=\"7\" role=\"tab\" tabindex=\"-1\" aria-controls=\"elementor-tab-content-8167\" aria-expanded=\"false\">Zwembad & Jetstream<\/div>\n\t\t\t\t\t\t\t\t\t<div id=\"elementor-tab-title-8168\" class=\"elementor-tab-title elementor-tab-desktop-title\" aria-selected=\"false\" data-tab=\"8\" role=\"tab\" tabindex=\"-1\" aria-controls=\"elementor-tab-content-8168\" aria-expanded=\"false\">Speciale evenementen<\/div>\n\t\t\t\t\t\t\t\t\t<div id=\"elementor-tab-title-8169\" class=\"elementor-tab-title elementor-tab-desktop-title\" aria-selected=\"false\" data-tab=\"9\" role=\"tab\" tabindex=\"-1\" aria-controls=\"elementor-tab-content-8169\" aria-expanded=\"false\">Lounge<\/div>\n\t\t\t\t\t\t\t<\/div>\n\t\t\t<div class=\"elementor-tabs-content-wrapper\" role=\"tablist\" aria-orientation=\"vertical\">\n\t\t\t\t\t\t\t\t\t<div class=\"elementor-tab-title elementor-tab-mobile-title\" aria-selected=\"true\" data-tab=\"1\" role=\"tab\" tabindex=\"0\" aria-controls=\"elementor-tab-content-8161\" aria-expanded=\"false\">LOFT<\/div>\n\t\t\t\t\t<div id=\"elementor-tab-content-8161\" class=\"elementor-tab-content elementor-clearfix\" data-tab=\"1\" role=\"tabpanel\" aria-labelledby=\"elementor-tab-title-8161\" tabindex=\"0\" hidden=\"false\"><div class=\"row\"><div class=\"col-lg-7 col-md-12\"><h4>LOFT<\/h4><p>Na de <a href=\"http:\/\/www.oxygen-house.be\/nl\/VillaCosy\"> Villa Cosy<\/a> stellen wij u de LOFT OXYGEN-HOUSE voor.<br \/><br \/>200m\u00b2 van zuivere ontspanning zijn voor u beschikbaar in een oud gebouw van 1724\u2026 op 10m van OXYGEN-HOUSE I.<\/p><p><br \/><br \/>We bieden u Wellness formule ( met zwembad, jacuzzi, hammam, droge sauna, bio sauna &amp; infrarood cabine ) voor minimum 2uur welzijn met een capaciteit van 2 tot 20 personen.<\/p><p><br \/><br \/>U kunt u avond verlengen tot in de morgen met ons <a href=\"http:\/\/www.oxygen-house.be\/en\/BedAndBreakfast\">Bed &amp; Breakfast<\/a> formule.<\/p><\/div><div class=\"col-lg-5 col-md-12\"><p><img decoding=\"async\" class=\"alignnone size-medium wp-image-491\" src=\"http:\/\/www.oxygen-house.be\/wp-content\/uploads\/2020\/11\/loft_4-768x456.jpg\" alt=\"\" width=\"100%\" height=\"100%\" \/><\/p><div class=\"text-center\" style=\"margin-top: 25px;\"><a class=\"btn\" href=\"https:\/\/www.oxygen-house.be\/nl\/prijs\/\">Prijs<\/a><\/div><\/div><\/div><\/div>\n\t\t\t\t\t\t\t\t\t<div class=\"elementor-tab-title elementor-tab-mobile-title\" aria-selected=\"false\" data-tab=\"2\" role=\"tab\" tabindex=\"-1\" aria-controls=\"elementor-tab-content-8162\" aria-expanded=\"false\">Droge Sauna<\/div>\n\t\t\t\t\t<div id=\"elementor-tab-content-8162\" class=\"elementor-tab-content elementor-clearfix\" data-tab=\"2\" role=\"tabpanel\" aria-labelledby=\"elementor-tab-title-8162\" tabindex=\"0\" hidden=\"hidden\"><div class=\"row\">\n<div class=\"col-lg-7 col-md-12\">\n<h4>Dry Sauna<\/h4>\n<b>3-20% vochtigheid &#038; 80-105\u00b0C<\/b><br>\nReeds in de Romeinse tijd maakte men gebruik van &#8216;zweetruimtes&#8217;, afgewisseld met het nemen van warme, koude en lauwe baden om het lichaam te reinigen, te ontgiften en te versterken. Vervolgens werden door massage met geparfumeerde olie de huid weer gehydrateerd en de spieren volledig losgemaakt.<br><br>Zowel het gebruik van sauna als van hydrotherapie (hydros is grieks voor &#8216;water&#8217;) gaan eeuwen terug en zijn in bijna alle culturen over heel de wereld terug te vinden. Zo hadden Syberische en Noord-Amerikaanse sjamanen hun zweethutten tijdens genezings-en reinigingsrituelen, maar ook in China, het Oude Egypte en in Griekenland bestonden deze praktijken en waren wijd verbreid onder de gewone bevolking.<br><br>In Finland is de saunatraditie nog steeds razend populair met maar liefst 1,7 miljoen sauna&#8217;s op 5.246.000 inwoners, maar ook bij ons neemt het saunagebruik steeds meer toe in populariteit.\n\n\n\n\n\n<\/div>\n<div class=\"col-lg-5 col-md-12\"><img decoding=\"async\" class=\"alignnone size-medium wp-image-496\" src=\"http:\/\/www.oxygen-house.be\/wp-content\/uploads\/2020\/11\/loft_18_1_1-768x333.jpg\" alt=\"\" width=\"100%\" height=\"100%\" \/><\/div>\n<\/div><\/div>\n\t\t\t\t\t\t\t\t\t<div class=\"elementor-tab-title elementor-tab-mobile-title\" aria-selected=\"false\" data-tab=\"3\" role=\"tab\" tabindex=\"-1\" aria-controls=\"elementor-tab-content-8163\" aria-expanded=\"false\">Bio Sauna<\/div>\n\t\t\t\t\t<div id=\"elementor-tab-content-8163\" class=\"elementor-tab-content elementor-clearfix\" data-tab=\"3\" role=\"tabpanel\" aria-labelledby=\"elementor-tab-title-8163\" tabindex=\"0\" hidden=\"hidden\"><div class=\"row\">\n<div class=\"col-lg-7 col-md-12\">\n<h4>Bio Sauna\n<\/h4>\n<b>40%-65% vochtigheid &#038; 65-70\u00b0C<\/b><br>\nDe Finnen lieten planten in het water weken. Dit water, rijk aan plantenextracten, werd gebruikt in de sauna om de lucht te bevochtigen en verspreidde een damp van natuurlijke parfum. Vandaag de dag kunnen essenti\u00eble oli\u00ebn rechtstreeks ge\u00efnjecteerd worden om de lucht te verversen. Tegenwoordig is dit de meest effici\u00ebnte vorm om de atmosfeer te ontsmetten. Men zoekt natuurlijk de meest welriekende en stimulerende geuren zoals: den, eucalyptus, lavendel, rosemarijn, thijm, geranium, citroen, cipres,..\n\n\n\n<\/div>\n<div class=\"col-lg-5 col-md-12\"><img decoding=\"async\" class=\"alignnone size-medium wp-image-501\" src=\"http:\/\/www.oxygen-house.be\/wp-content\/uploads\/2020\/11\/loft_17-768x456.jpg\" alt=\"\" width=\"100%\" height=\"100%\" \/><\/div>\n<\/div><\/div>\n\t\t\t\t\t\t\t\t\t<div class=\"elementor-tab-title elementor-tab-mobile-title\" aria-selected=\"false\" data-tab=\"4\" role=\"tab\" tabindex=\"-1\" aria-controls=\"elementor-tab-content-8164\" aria-expanded=\"false\">Hammam<\/div>\n\t\t\t\t\t<div id=\"elementor-tab-content-8164\" class=\"elementor-tab-content elementor-clearfix\" data-tab=\"4\" role=\"tabpanel\" aria-labelledby=\"elementor-tab-title-8164\" tabindex=\"0\" hidden=\"hidden\"><div class=\"row\">\n<div class=\"col-lg-7 col-md-12\">\n<h4>Hammam<\/h4>\n<b>100% VOCHTIGHEID &#038; 47C\u00b0\n\n<\/b><br>\n\nWanneer men denkt aan Rome, wordt die vaak geassocieerd met grote baden Thermen genaamd. De keizer Agrippa bouwde de eerste Thermen in 25 A.D. De praktijk van hammam is zich pas echt beginnen ontwikkelen rond 600 na Christus,.De Turkse baden werden ge\u00efnspireerd door de Romeinse en Griekse baden. Ze hebben genoten van groot succes in de Arabische wereld en zijn ge\u00efntegreerd in de praktijk van de islam als een regel van zuivering en hygi\u00ebne&#8230;\n<br><br>Dit weldoende stoombad heeft een gematigde temperatuur van 40-50\u00b0C en een zeer hoge vochtigheidsgraad van 95-100%. De hammam ontspant de spieren, brengt de vochtbalans van het lichaam terug op peil en heeft ook een milde, aangename werking op de luchtwegen die door de warme stoom worden &#8220;vrijgemaakt&#8221;.\n\n\n\n<\/div>\n<div class=\"col-lg-5 col-md-12\"><img decoding=\"async\" class=\"alignnone size-full wp-image-505\" src=\"http:\/\/www.oxygen-house.be\/wp-content\/uploads\/2020\/11\/loft_16_1-scaled.jpg\" alt=\"\" width=\"100%\" height=\"100%\" \/><\/div>\n<\/div><\/div>\n\t\t\t\t\t\t\t\t\t<div class=\"elementor-tab-title elementor-tab-mobile-title\" aria-selected=\"false\" data-tab=\"5\" role=\"tab\" tabindex=\"-1\" aria-controls=\"elementor-tab-content-8165\" aria-expanded=\"false\">Infrarood<\/div>\n\t\t\t\t\t<div id=\"elementor-tab-content-8165\" class=\"elementor-tab-content elementor-clearfix\" data-tab=\"5\" role=\"tabpanel\" aria-labelledby=\"elementor-tab-title-8165\" tabindex=\"0\" hidden=\"hidden\"><div class=\"row\">\n<div class=\"col-lg-7 col-md-12\">\n<h4>Infrarood<\/h4>\n<b>Korte golven IR-A = 50\u00b0C\n\n<\/b><br>\nDe Romeinen plaatsten een bak met brandende houtskool in hun Laconium. Houtskool was in die tijd de enige brandbare materie dat IR-A verkreeg.(infrarood verspreidt korte golven). Nu hebben wij stralingslampen gemiddeld IR-B en lange golven die elk een verschillende intensiteit hebben die dieper in de huidlagen doordringen om tenslotte de pijnen te treffen die de sauna niet kan bereiken. IR-A remt en vermindert ziekten en is een weldaad voor mensen met gewrichtsklachten, spierpijn, eczeem, psoriasis, acne, astma&#8230;.\n\n<br><br>\nIR-A remt en vermindert ziekten en is een weldaad voor mensen met gewrichtsklachten, spierpijn, eczeem, psoriasis, acne, astma.\n\n\n\n<\/div>\n<div class=\"col-lg-5 col-md-12\"><img decoding=\"async\" class=\"alignnone size-full wp-image-509\" src=\"http:\/\/www.oxygen-house.be\/wp-content\/uploads\/2020\/11\/loft_17-1.jpg\" alt=\"\" width=\"100%\" height=\"100%\" \/><\/div>\n<\/div><\/div>\n\t\t\t\t\t\t\t\t\t<div class=\"elementor-tab-title elementor-tab-mobile-title\" aria-selected=\"false\" data-tab=\"6\" role=\"tab\" tabindex=\"-1\" aria-controls=\"elementor-tab-content-8166\" aria-expanded=\"false\">Jacuzzi<\/div>\n\t\t\t\t\t<div id=\"elementor-tab-content-8166\" class=\"elementor-tab-content elementor-clearfix\" data-tab=\"6\" role=\"tabpanel\" aria-labelledby=\"elementor-tab-title-8166\" tabindex=\"0\" hidden=\"hidden\"><div class=\"row\">\n<div class=\"col-lg-7 col-md-12\">\n<h4>Jacuzzi<\/h4>\nDe jacuzzi heeft een groot aantal jets die zeer specifieke en verschillende delen van je lichaam treft en geeft u veel meer dan de traditionele bubbelbad &#8230; Je zit in ergonomische stoelen en de 2 motoren geven u de optimale massagekracht en dit alles in een natuurlijke omgeving verwarmd tot 37,5\u00b0C!\n\n\n\n<\/div>\n<div class=\"col-lg-5 col-md-12\"><img fetchpriority=\"high\" decoding=\"async\" class=\"alignnone size-full wp-image-513\" src=\"http:\/\/www.oxygen-house.be\/wp-content\/uploads\/2020\/11\/loft_15_2.jpg\" alt=\"\" width=\"800\" height=\"432\" \/><\/div>\n<\/div><\/div>\n\t\t\t\t\t\t\t\t\t<div class=\"elementor-tab-title elementor-tab-mobile-title\" aria-selected=\"false\" data-tab=\"7\" role=\"tab\" tabindex=\"-1\" aria-controls=\"elementor-tab-content-8167\" aria-expanded=\"false\">Zwembad & Jetstream<\/div>\n\t\t\t\t\t<div id=\"elementor-tab-content-8167\" class=\"elementor-tab-content elementor-clearfix\" data-tab=\"7\" role=\"tabpanel\" aria-labelledby=\"elementor-tab-title-8167\" tabindex=\"0\" hidden=\"hidden\"><div class=\"row\">\n<div class=\"col-lg-7 col-md-12\">\n<h4>Zwembad &#038; Jetstream\n<\/h4>\nLangzaam onderdompelen in de weldadige warmte van het water, voelen hoe het natte element je lichaam omspoelt. Wat een weldaad! Geen stress meer, nieuwe kracht putten voor lichaam, geest en ziel, heerlijk ontspannen onder de blote hemel &#8211; dat kan in ons verwarmde buitenzwembad \u2026\n\n\n\n<\/div>\n<div class=\"col-lg-5 col-md-12\"><img fetchpriority=\"high\" decoding=\"async\" class=\"alignnone size-full wp-image-513\" src=\"http:\/\/www.oxygen-house.be\/wp-content\/uploads\/2020\/11\/loft_15_2.jpg\" alt=\"\" width=\"800\" height=\"432\" \/><\/div>\n<\/div><\/div>\n\t\t\t\t\t\t\t\t\t<div class=\"elementor-tab-title elementor-tab-mobile-title\" aria-selected=\"false\" data-tab=\"8\" role=\"tab\" tabindex=\"-1\" aria-controls=\"elementor-tab-content-8168\" aria-expanded=\"false\">Speciale evenementen<\/div>\n\t\t\t\t\t<div id=\"elementor-tab-content-8168\" class=\"elementor-tab-content elementor-clearfix\" data-tab=\"8\" role=\"tabpanel\" aria-labelledby=\"elementor-tab-title-8168\" tabindex=\"0\" hidden=\"hidden\"><div class=\"row\">\n<div class=\"col-lg-7 col-md-12\">\n<h4>Speciale evenementen\n<\/h4>\nU kunt het hele huis huren in de VILLA meer dan 300m\u00b2 met haar tuinen en Wellness-infrastructuur.\n<br><br>\nWij organiseren de catering, de bar service voor seminaries, vergaderingen, trainingen, cursussen, verjaardagen en diverse jubilea.\n<br><br>Neem contact met ons op voor een offerte op maat.\n\n\n\n<\/div>\n<div class=\"col-lg-5 col-md-12\"><img decoding=\"async\" class=\"alignnone size-medium wp-image-466\" src=\"http:\/\/www.oxygen-house.be\/wp-content\/uploads\/2020\/11\/loft_3-768x456.jpg\" alt=\"\" width=\"100%\" height=\"100%\" \/><\/div>\n<\/div><\/div>\n\t\t\t\t\t\t\t\t\t<div class=\"elementor-tab-title elementor-tab-mobile-title\" aria-selected=\"false\" data-tab=\"9\" role=\"tab\" tabindex=\"-1\" aria-controls=\"elementor-tab-content-8169\" aria-expanded=\"false\">Lounge<\/div>\n\t\t\t\t\t<div id=\"elementor-tab-content-8169\" class=\"elementor-tab-content elementor-clearfix\" data-tab=\"9\" role=\"tabpanel\" aria-labelledby=\"elementor-tab-title-8169\" tabindex=\"0\" hidden=\"hidden\"><div class=\"row\">\n<div class=\"col-lg-12 col-md-12\"><\/div>\n<div class=\"col-lg-7 col-md-12\">\n<h4>Lounge<\/h4>\nDeze zone zal u toelaten om periodes van rust in te lassen tussen het gebruik van de verschillende apparaten. U zult genieten van de ontspannende muziek en zachte verlichting.\n<br><br>De aangename en intieme sfeer van de Lounge nodigt uit tot totale ontspanning.\n\n\n\n<\/div>\n<div class=\"col-lg-5 col-md-12\"><img decoding=\"async\" class=\"alignnone size-full wp-image-519\" src=\"http:\/\/www.oxygen-house.be\/wp-content\/uploads\/2020\/11\/loft_5.jpg\" alt=\"\" width=\"100%\" height=\"100%\" \/><\/div>\n<\/div><\/div>\n\t\t\t\t\t\t\t<\/div>\n\t\t<\/div>\n\t\t\t\t\t\t<\/div>\n\t\t\t\t<\/div>\n\t\t\t\t\t<\/div>\n\t\t<\/div>\n\t\t\t\t\t<\/div>\n\t\t<\/section>\n\t\t\t\t<\/div>\n\t\t","protected":false},"excerpt":{"rendered":"<p>Gallery LOFT LOFT Droge Sauna Bio Sauna Hammam Infrarood Jacuzzi Zwembad &#038; Jetstream Speciale evenementen Lounge LOFT LOFT Na de Villa Cosy stellen wij u de LOFT OXYGEN-HOUSE voor. 200m\u00b2 van zuivere ontspanning zijn voor u beschikbaar in een oud gebouw van 1724\u2026 op 10m van OXYGEN-HOUSE I. We bieden u Wellness formule ( met<\/p>\n","protected":false},"author":1,"featured_media":0,"parent":0,"menu_order":0,"comment_status":"closed","ping_status":"closed","template":"","meta":{"footnotes":""},"class_list":["post-2237","page","type-page","status-publish","hentry"],"_links":{"self":[{"href":"https:\/\/www.oxygen-house.be\/nl\/wp-json\/wp\/v2\/pages\/2237","targetHints":{"allow":["GET"]}}],"collection":[{"href":"https:\/\/www.oxygen-house.be\/nl\/wp-json\/wp\/v2\/pages"}],"about":[{"href":"https:\/\/www.oxygen-house.be\/nl\/wp-json\/wp\/v2\/types\/page"}],"author":[{"embeddable":true,"href":"https:\/\/www.oxygen-house.be\/nl\/wp-json\/wp\/v2\/users\/1"}],"replies":[{"embeddable":true,"href":"https:\/\/www.oxygen-house.be\/nl\/wp-json\/wp\/v2\/comments?post=2237"}],"version-history":[{"count":36,"href":"https:\/\/www.oxygen-house.be\/nl\/wp-json\/wp\/v2\/pages\/2237\/revisions"}],"predecessor-version":[{"id":31756,"href":"https:\/\/www.oxygen-house.be\/nl\/wp-json\/wp\/v2\/pages\/2237\/revisions\/31756"}],"wp:attachment":[{"href":"https:\/\/www.oxygen-house.be\/nl\/wp-json\/wp\/v2\/media?parent=2237"}],"curies":[{"name":"wp","href":"https:\/\/api.w.org\/{rel}","templated":true}]}}