{"id":2251,"date":"2020-11-02T11:28:18","date_gmt":"2020-11-02T11:28:18","guid":{"rendered":"http:\/\/oxygen-house.pascalmoise.info\/villa-cosy\/"},"modified":"2024-12-23T16:12:01","modified_gmt":"2024-12-23T16:12:01","slug":"villa-cosy","status":"publish","type":"page","link":"https:\/\/www.oxygen-house.be\/nl\/villa-cosy\/","title":{"rendered":"Villa Cosy"},"content":{"rendered":"\t\t<div data-elementor-type=\"wp-page\" data-elementor-id=\"2251\" class=\"elementor elementor-2251\">\n\t\t\t\t\t\t<section class=\"elementor-section elementor-top-section elementor-element elementor-element-a8f2a1d elementor-section-full_width elementor-section-stretched elementor-section-height-default elementor-section-height-default\" data-id=\"a8f2a1d\" data-element_type=\"section\" data-e-type=\"section\" data-settings=\"{&quot;stretch_section&quot;:&quot;section-stretched&quot;}\">\n\t\t\t\t\t\t<div class=\"elementor-container elementor-column-gap-default\">\n\t\t\t\t\t<div class=\"elementor-column elementor-col-33 elementor-top-column elementor-element elementor-element-d3c7196\" data-id=\"d3c7196\" data-element_type=\"column\" data-e-type=\"column\">\n\t\t\t<div class=\"elementor-widget-wrap elementor-element-populated\">\n\t\t\t\t\t\t<div class=\"elementor-element elementor-element-60cda0d elementor-widget elementor-widget-heading\" data-id=\"60cda0d\" data-element_type=\"widget\" data-e-type=\"widget\" data-widget_type=\"heading.default\">\n\t\t\t\t<div class=\"elementor-widget-container\">\n\t\t\t\t\t<h4 class=\"elementor-heading-title elementor-size-default\">Gallery<\/h4>\t\t\t\t<\/div>\n\t\t\t\t<\/div>\n\t\t\t\t<div class=\"elementor-element elementor-element-ba46d07 elementor-arrows-position-inside elementor-widget elementor-widget-image-carousel\" data-id=\"ba46d07\" data-element_type=\"widget\" data-e-type=\"widget\" data-settings=\"{&quot;slides_to_show&quot;:&quot;1&quot;,&quot;navigation&quot;:&quot;arrows&quot;,&quot;autoplay_speed&quot;:10000,&quot;autoplay&quot;:&quot;yes&quot;,&quot;pause_on_hover&quot;:&quot;yes&quot;,&quot;pause_on_interaction&quot;:&quot;yes&quot;,&quot;infinite&quot;:&quot;yes&quot;,&quot;effect&quot;:&quot;slide&quot;,&quot;speed&quot;:500}\" data-widget_type=\"image-carousel.default\">\n\t\t\t\t<div class=\"elementor-widget-container\">\n\t\t\t\t\t\t\t<div class=\"elementor-image-carousel-wrapper swiper\" role=\"region\" aria-roledescription=\"carousel\" aria-label=\"Afbeelding carrousel\" dir=\"ltr\">\n\t\t\t<div class=\"elementor-image-carousel swiper-wrapper\" aria-live=\"off\">\n\t\t\t\t\t\t\t\t<div class=\"swiper-slide\" role=\"group\" aria-roledescription=\"slide\" aria-label=\"1 van 5\"><figure class=\"swiper-slide-inner\"><img decoding=\"async\" class=\"swiper-slide-image\" src=\"https:\/\/www.oxygen-house.be\/wp-content\/uploads\/elementor\/thumbs\/WEB-3-1-oy5glzivv4iqpegs5ro17yfs3cj7my5b4bod4obvqw.jpg\" alt=\"WEB 3\" \/><\/figure><\/div><div class=\"swiper-slide\" role=\"group\" aria-roledescription=\"slide\" aria-label=\"2 van 5\"><figure class=\"swiper-slide-inner\"><img decoding=\"async\" class=\"swiper-slide-image\" src=\"https:\/\/www.oxygen-house.be\/wp-content\/uploads\/elementor\/thumbs\/WEB-4-1-oy5gm0gq1yk110ff0a2nsg78oqekun91ggbulyahko.jpg\" alt=\"WEB 4\" \/><\/figure><\/div><div class=\"swiper-slide\" role=\"group\" aria-roledescription=\"slide\" aria-label=\"3 van 5\"><figure class=\"swiper-slide-inner\"><img decoding=\"async\" class=\"swiper-slide-image\" src=\"https:\/\/www.oxygen-house.be\/wp-content\/uploads\/elementor\/thumbs\/WEB-5-1-oy5gm1ek8slbcme1ushacxypa49y2ccrskzc3893eg.jpg\" alt=\"WEB 5\" \/><\/figure><\/div><div class=\"swiper-slide\" role=\"group\" aria-roledescription=\"slide\" aria-label=\"4 van 5\"><figure class=\"swiper-slide-inner\"><img decoding=\"async\" class=\"swiper-slide-image\" src=\"https:\/\/www.oxygen-house.be\/wp-content\/uploads\/elementor\/thumbs\/WEB-1-1-oy5glzivv4iqpegs5ro17yfs3cj7my5b4bod4obvqw.jpg\" alt=\"WEB 1\" \/><\/figure><\/div><div class=\"swiper-slide\" role=\"group\" aria-roledescription=\"slide\" aria-label=\"5 van 5\"><figure class=\"swiper-slide-inner\"><img decoding=\"async\" class=\"swiper-slide-image\" src=\"https:\/\/www.oxygen-house.be\/wp-content\/uploads\/elementor\/thumbs\/WEB-2-1-oy5glzivv4iqpegs5ro17yfs3cj7my5b4bod4obvqw.jpg\" alt=\"WEB 2\" \/><\/figure><\/div>\t\t\t<\/div>\n\t\t\t\t\t\t\t\t\t\t\t\t<div class=\"elementor-swiper-button elementor-swiper-button-prev\" role=\"button\" tabindex=\"0\">\n\t\t\t\t\t\t<i aria-hidden=\"true\" class=\"eicon-chevron-left\"><\/i>\t\t\t\t\t<\/div>\n\t\t\t\t\t<div class=\"elementor-swiper-button elementor-swiper-button-next\" role=\"button\" tabindex=\"0\">\n\t\t\t\t\t\t<i aria-hidden=\"true\" class=\"eicon-chevron-right\"><\/i>\t\t\t\t\t<\/div>\n\t\t\t\t\n\t\t\t\t\t\t\t\t\t<\/div>\n\t\t\t\t\t\t<\/div>\n\t\t\t\t<\/div>\n\t\t\t\t\t<\/div>\n\t\t<\/div>\n\t\t\t\t<div class=\"elementor-column elementor-col-66 elementor-top-column elementor-element elementor-element-b6f57f5\" data-id=\"b6f57f5\" data-element_type=\"column\" data-e-type=\"column\">\n\t\t\t<div class=\"elementor-widget-wrap elementor-element-populated\">\n\t\t\t\t\t\t<div class=\"elementor-element elementor-element-9e97a54 elementor-widget elementor-widget-heading\" data-id=\"9e97a54\" data-element_type=\"widget\" data-e-type=\"widget\" data-widget_type=\"heading.default\">\n\t\t\t\t<div class=\"elementor-widget-container\">\n\t\t\t\t\t<h4 class=\"elementor-heading-title elementor-size-default\">VILLA COSY\n<\/h4>\t\t\t\t<\/div>\n\t\t\t\t<\/div>\n\t\t\t\t<div class=\"elementor-element elementor-element-4dd8ba5 elementor-tabs-view-vertical elementor-widget elementor-widget-tabs\" data-id=\"4dd8ba5\" data-element_type=\"widget\" data-e-type=\"widget\" data-widget_type=\"tabs.default\">\n\t\t\t\t<div class=\"elementor-widget-container\">\n\t\t\t\t\t\t\t<div class=\"elementor-tabs\">\n\t\t\t<div class=\"elementor-tabs-wrapper\" role=\"tablist\" >\n\t\t\t\t\t\t\t\t\t<div id=\"elementor-tab-title-8161\" class=\"elementor-tab-title elementor-tab-desktop-title\" aria-selected=\"true\" data-tab=\"1\" role=\"tab\" tabindex=\"0\" aria-controls=\"elementor-tab-content-8161\" aria-expanded=\"false\">VILLA COSY<\/div>\n\t\t\t\t\t\t\t\t\t<div id=\"elementor-tab-title-8162\" class=\"elementor-tab-title elementor-tab-desktop-title\" aria-selected=\"false\" data-tab=\"2\" role=\"tab\" tabindex=\"-1\" aria-controls=\"elementor-tab-content-8162\" aria-expanded=\"false\">Droge Sauna<\/div>\n\t\t\t\t\t\t\t\t\t<div id=\"elementor-tab-title-8163\" class=\"elementor-tab-title elementor-tab-desktop-title\" aria-selected=\"false\" data-tab=\"3\" role=\"tab\" tabindex=\"-1\" aria-controls=\"elementor-tab-content-8163\" aria-expanded=\"false\">Zoutschuur Sauna<\/div>\n\t\t\t\t\t\t\t\t\t<div id=\"elementor-tab-title-8164\" class=\"elementor-tab-title elementor-tab-desktop-title\" aria-selected=\"false\" data-tab=\"4\" role=\"tab\" tabindex=\"-1\" aria-controls=\"elementor-tab-content-8164\" aria-expanded=\"false\">Hammam<\/div>\n\t\t\t\t\t\t\t\t\t<div id=\"elementor-tab-title-8165\" class=\"elementor-tab-title elementor-tab-desktop-title\" aria-selected=\"false\" data-tab=\"5\" role=\"tab\" tabindex=\"-1\" aria-controls=\"elementor-tab-content-8165\" aria-expanded=\"false\">Infrarood<\/div>\n\t\t\t\t\t\t\t\t\t<div id=\"elementor-tab-title-8166\" class=\"elementor-tab-title elementor-tab-desktop-title\" aria-selected=\"false\" data-tab=\"6\" role=\"tab\" tabindex=\"-1\" aria-controls=\"elementor-tab-content-8166\" aria-expanded=\"false\">Jacuzzi<\/div>\n\t\t\t\t\t\t\t\t\t<div id=\"elementor-tab-title-8167\" class=\"elementor-tab-title elementor-tab-desktop-title\" aria-selected=\"false\" data-tab=\"7\" role=\"tab\" tabindex=\"-1\" aria-controls=\"elementor-tab-content-8167\" aria-expanded=\"false\">Zwembad & Jetstream<\/div>\n\t\t\t\t\t\t\t\t\t<div id=\"elementor-tab-title-8168\" class=\"elementor-tab-title elementor-tab-desktop-title\" aria-selected=\"false\" data-tab=\"8\" role=\"tab\" tabindex=\"-1\" aria-controls=\"elementor-tab-content-8168\" aria-expanded=\"false\">Sp\u00e9cial Events<\/div>\n\t\t\t\t\t\t\t\t\t<div id=\"elementor-tab-title-8169\" class=\"elementor-tab-title elementor-tab-desktop-title\" aria-selected=\"false\" data-tab=\"9\" role=\"tab\" tabindex=\"-1\" aria-controls=\"elementor-tab-content-8169\" aria-expanded=\"false\">Lounge<\/div>\n\t\t\t\t\t\t\t<\/div>\n\t\t\t<div class=\"elementor-tabs-content-wrapper\" role=\"tablist\" aria-orientation=\"vertical\">\n\t\t\t\t\t\t\t\t\t<div class=\"elementor-tab-title elementor-tab-mobile-title\" aria-selected=\"true\" data-tab=\"1\" role=\"tab\" tabindex=\"0\" aria-controls=\"elementor-tab-content-8161\" aria-expanded=\"false\">VILLA COSY<\/div>\n\t\t\t\t\t<div id=\"elementor-tab-content-8161\" class=\"elementor-tab-content elementor-clearfix\" data-tab=\"1\" role=\"tabpanel\" aria-labelledby=\"elementor-tab-title-8161\" tabindex=\"0\" hidden=\"false\"><div class=\"row\"><div class=\"col-lg-7 col-md-12\"><h4>VILLA COSY<\/h4><p>De welzijnsruimte van de Villa Cosy is gebaseerd op het concept van priv\u00e9 huren. U kunt zichen met uw dierbaren voor 2 uur, 3 uur of een hele dag terugtrekken met een capaciteit van <b>2<\/b> tot <b>20<\/b> personen maximum.<br \/><br \/>Dit huis is geheel gebouwd met natuurlijke materialen (marmer van Toscane, leem, zand steen, hout) en respecteert de geest van <b>&#8220;Natural Feng Shui House&#8221;<\/b>.<br \/><br \/>Uw zintuigen worden geprikkeld door onze AROMA en MUSICO en LUMINO-THERAPIE in een <b>&#8220;Cocoon-sfeer&#8221;.<\/b><\/p><\/div><div class=\"col-lg-5 col-md-12\"><p><img decoding=\"async\" class=\"alignnone size-full wp-image-534\" src=\"http:\/\/www.oxygen-house.be\/wp-content\/uploads\/2020\/11\/WEB-1.jpg\" alt=\"\" width=\"100%\" height=\"100%\" \/><\/p><div class=\"text-center\" style=\"margin-top: 25px;\"><a class=\"btn\" href=\"https:\/\/www.oxygen-house.be\/nl\/prijs\/\">Priis<\/a><\/div><\/div><\/div><\/div>\n\t\t\t\t\t\t\t\t\t<div class=\"elementor-tab-title elementor-tab-mobile-title\" aria-selected=\"false\" data-tab=\"2\" role=\"tab\" tabindex=\"-1\" aria-controls=\"elementor-tab-content-8162\" aria-expanded=\"false\">Droge Sauna<\/div>\n\t\t\t\t\t<div id=\"elementor-tab-content-8162\" class=\"elementor-tab-content elementor-clearfix\" data-tab=\"2\" role=\"tabpanel\" aria-labelledby=\"elementor-tab-title-8162\" tabindex=\"0\" hidden=\"hidden\"><div class=\"row\">\n<div class=\"col-lg-7 col-md-12\">\n<h4>Droge Sauna\n<\/h4>\n<b>3-20% vochtigheid &#038; 80-105\u00b0C\n\n<\/b><br>\nReeds in de Romeinse tijd maakte men gebruik van &#8216;zweetruimtes&#8217;, afgewisseld met het nemen van warme, koude en lauwe baden om het lichaam te reinigen, te ontgiften en te versterken. Vervolgens werden door massage met geparfumeerde olie de huid weer gehydrateerd en de spieren volledig losgemaakt.\n\n<br><br>\n\nZowel het gebruik van sauna als van hydrotherapie (hydros is grieks voor &#8216;water&#8217;) gaan eeuwen terug en zijn in bijna alle culturen over heel de wereld terug te vinden. Zo hadden Syberische en Noord-Amerikaanse sjamanen hun zweethutten tijdens genezings-en reinigingsrituelen, maar ook in China, het Oude Egypte en in Griekenland bestonden deze praktijken en waren wijd verbreid onder de gewone bevolking.\n\n<br><br>In Finland is de saunatraditie nog steeds razend populair met maar liefst 1,7 miljoen sauna&#8217;s op 5.246.000 inwoners, maar ook bij ons neemt het saunagebruik steeds meer toe in populariteit.\n\n\n\n<\/div>\n<div class=\"col-lg-5 col-md-12\"><img fetchpriority=\"high\" decoding=\"async\" class=\"alignnone size-full wp-image-538\" src=\"http:\/\/www.oxygen-house.be\/wp-content\/uploads\/2020\/11\/WEB-6-scaled.jpg\" alt=\"\" width=\"1707\" height=\"2560\" \/><\/div>\n<\/div><\/div>\n\t\t\t\t\t\t\t\t\t<div class=\"elementor-tab-title elementor-tab-mobile-title\" aria-selected=\"false\" data-tab=\"3\" role=\"tab\" tabindex=\"-1\" aria-controls=\"elementor-tab-content-8163\" aria-expanded=\"false\">Zoutschuur Sauna<\/div>\n\t\t\t\t\t<div id=\"elementor-tab-content-8163\" class=\"elementor-tab-content elementor-clearfix\" data-tab=\"3\" role=\"tabpanel\" aria-labelledby=\"elementor-tab-title-8163\" tabindex=\"0\" hidden=\"hidden\"><div class=\"row\"><div class=\"col-lg-7 col-md-12\"><h4>Zoutschuur<\/h4><p>15%-20% vochtigheid &amp; 60\u00b0C<\/p><p>&#8230;<\/p><\/div><div class=\"col-lg-5 col-md-12\"><img decoding=\"async\" class=\"alignnone wp-image-545 size-medium\" src=\"https:\/\/www.oxygen-house.be\/wp-content\/uploads\/2020\/11\/WEB-2-1-768x456.jpg\" alt=\"\" width=\"768\" height=\"456\" srcset=\"https:\/\/www.oxygen-house.be\/wp-content\/uploads\/2020\/11\/WEB-2-1-768x456.jpg 768w, https:\/\/www.oxygen-house.be\/wp-content\/uploads\/2020\/11\/WEB-2-1-1170x694.jpg 1170w\" sizes=\"(max-width: 768px) 100vw, 768px\" \/><\/div><\/div><\/div>\n\t\t\t\t\t\t\t\t\t<div class=\"elementor-tab-title elementor-tab-mobile-title\" aria-selected=\"false\" data-tab=\"4\" role=\"tab\" tabindex=\"-1\" aria-controls=\"elementor-tab-content-8164\" aria-expanded=\"false\">Hammam<\/div>\n\t\t\t\t\t<div id=\"elementor-tab-content-8164\" class=\"elementor-tab-content elementor-clearfix\" data-tab=\"4\" role=\"tabpanel\" aria-labelledby=\"elementor-tab-title-8164\" tabindex=\"0\" hidden=\"hidden\"><div class=\"row\">\n<div class=\"col-lg-7 col-md-12\">\n<h4>Hammam<\/h4>\n<b>100% VOCHTIGHEID &#038; 47C\u00b0\n\n<\/b><br>\n\nWanneer men denkt aan Rome, wordt die vaak geassocieerd met grote baden Thermen genaamd. De keizer Agrippa bouwde de eerste Thermen in 25 A.D. De praktijk van hammam is zich pas echt beginnen ontwikkelen rond 600 na Christus,.De Turkse baden werden ge\u00efnspireerd door de Romeinse en Griekse baden. Ze hebben genoten van groot succes in de Arabische wereld en zijn ge\u00efntegreerd in de praktijk van de islam als een regel van zuivering en hygi\u00ebne&#8230;\n<br><br>\nDit weldoende stoombad heeft een gematigde temperatuur van 40-50\u00b0C en een zeer hoge vochtigheidsgraad van 95-100%. De hammam ontspant de spieren, brengt de vochtbalans van het lichaam terug op peil en heeft ook een milde, aangename werking op de luchtwegen die door de warme stoom worden &#8220;vrijgemaakt&#8221;.\n\n\n\n<\/div>\n<div class=\"col-lg-5 col-md-12\"><img decoding=\"async\" class=\"alignnone size-full wp-image-505\" src=\"http:\/\/www.oxygen-house.be\/wp-content\/uploads\/2020\/11\/loft_16_1-scaled.jpg\" alt=\"\" width=\"100%\" height=\"100%\" \/><\/div>\n<\/div><\/div>\n\t\t\t\t\t\t\t\t\t<div class=\"elementor-tab-title elementor-tab-mobile-title\" aria-selected=\"false\" data-tab=\"5\" role=\"tab\" tabindex=\"-1\" aria-controls=\"elementor-tab-content-8165\" aria-expanded=\"false\">Infrarood<\/div>\n\t\t\t\t\t<div id=\"elementor-tab-content-8165\" class=\"elementor-tab-content elementor-clearfix\" data-tab=\"5\" role=\"tabpanel\" aria-labelledby=\"elementor-tab-title-8165\" tabindex=\"0\" hidden=\"hidden\"><div class=\"row\">\n<div class=\"col-lg-7 col-md-12\">\n<h4>Infrarood\n<\/h4>\n<b>Korte golven IR-A = 50\u00b0C\n\n<\/b>\nDe Romeinen plaatsten een bak met brandende houtskool in hun Laconium. Houtskool was in die tijd de enige brandbare materie dat IR-A verkreeg.(infrarood verspreidt korte golven). Nu hebben wij stralingslampen gemiddeld IR-B en lange golven die elk een verschillende intensiteit hebben die dieper in de huidlagen doordringen om tenslotte de pijnen te treffen die de sauna niet kan bereiken. IR-A remt en vermindert ziekten en is een weldaad voor mensen met gewrichtsklachten, spierpijn, eczeem, psoriasis, acne, astma&#8230;.\n\n\n\nThe IR-A, produced by Robax lamps infrared cabin is used to treat joint problems, muscle aches, eczema, psoriasis, acne, asthma&#8230;<br><br>IR-A remt en vermindert ziekten en is een weldaad voor mensen met gewrichtsklachten, spierpijn, eczeem, psoriasis, acne, astma.\n\n\n<\/div>\n<div class=\"col-lg-5 col-md-12\"><img decoding=\"async\" class=\"alignnone size-full wp-image-100%\" src=\"http:\/\/www.oxygen-house.be\/wp-content\/uploads\/2020\/11\/villa_13.jpg\" alt=\"\" width=\"960\" height=\"100%\" \/><\/div>\n<\/div><\/div>\n\t\t\t\t\t\t\t\t\t<div class=\"elementor-tab-title elementor-tab-mobile-title\" aria-selected=\"false\" data-tab=\"6\" role=\"tab\" tabindex=\"-1\" aria-controls=\"elementor-tab-content-8166\" aria-expanded=\"false\">Jacuzzi<\/div>\n\t\t\t\t\t<div id=\"elementor-tab-content-8166\" class=\"elementor-tab-content elementor-clearfix\" data-tab=\"6\" role=\"tabpanel\" aria-labelledby=\"elementor-tab-title-8166\" tabindex=\"0\" hidden=\"hidden\"><div class=\"row\">\n<div class=\"col-lg-7 col-md-12\">\n<h4>Jacuzzi<\/h4>\nDe jacuzzi heeft een groot aantal jets die zeer specifieke en verschillende delen van je lichaam treft en geeft u veel meer dan de traditionele bubbelbad &#8230; Je zit in ergonomische stoelen en de 2 motoren geven u de optimale massagekracht en dit alles in een natuurlijke omgeving verwarmd tot 37,5\u00b0C!\n\n\n<\/div>\n<div class=\"col-lg-5 col-md-12\"><img decoding=\"async\" class=\"alignnone size-full wp-image-534\" src=\"http:\/\/www.oxygen-house.be\/wp-content\/uploads\/2020\/11\/WEB-1.jpg\" alt=\"\" width=\"100%\" height=\"100%\" \/><\/div>\n<\/div><\/div>\n\t\t\t\t\t\t\t\t\t<div class=\"elementor-tab-title elementor-tab-mobile-title\" aria-selected=\"false\" data-tab=\"7\" role=\"tab\" tabindex=\"-1\" aria-controls=\"elementor-tab-content-8167\" aria-expanded=\"false\">Zwembad & Jetstream<\/div>\n\t\t\t\t\t<div id=\"elementor-tab-content-8167\" class=\"elementor-tab-content elementor-clearfix\" data-tab=\"7\" role=\"tabpanel\" aria-labelledby=\"elementor-tab-title-8167\" tabindex=\"0\" hidden=\"hidden\"><div class=\"row\">\n<div class=\"col-lg-7 col-md-12\">\n<h4>Swimming pool &amp; Jetstream<\/h4>\nLangzaam onderdompelen in de weldadige warmte van het water, voelen hoe het natte element je lichaam omspoelt. Wat een weldaad! Geen stress meer, nieuwe kracht putten voor lichaam, geest en ziel, heerlijk ontspannen onder de blote hemel &#8211; dat kan in ons verwarmde buitenzwembad \u2026\n<\/div>\n<div class=\"col-lg-5 col-md-12\"><img decoding=\"async\" class=\"alignnone size-full wp-image-551\" src=\"http:\/\/www.oxygen-house.be\/wp-content\/uploads\/2020\/11\/WEB-4.jpg\" alt=\"\" width=\"100%\" height=\"100%\" \/><\/div>\n<\/div><\/div>\n\t\t\t\t\t\t\t\t\t<div class=\"elementor-tab-title elementor-tab-mobile-title\" aria-selected=\"false\" data-tab=\"8\" role=\"tab\" tabindex=\"-1\" aria-controls=\"elementor-tab-content-8168\" aria-expanded=\"false\">Sp\u00e9cial Events<\/div>\n\t\t\t\t\t<div id=\"elementor-tab-content-8168\" class=\"elementor-tab-content elementor-clearfix\" data-tab=\"8\" role=\"tabpanel\" aria-labelledby=\"elementor-tab-title-8168\" tabindex=\"0\" hidden=\"hidden\"><div class=\"row\">\n<div class=\"col-lg-7 col-md-12\">\n<h4>Speciale evenementen\n<\/h4>\nU kunt het hele huis huren in de VILLA meer dan 300m\u00b2 met haar tuinen en Wellness-infrastructuur.\n\nWij organiseren de catering, de bar service voor seminaries, vergaderingen, trainingen, cursussen, verjaardagen en diverse jubilea.\n\nNeem contact met ons op voor een offerte op maat.\n<\/div>\n<div class=\"col-lg-5 col-md-12\"><img decoding=\"async\" class=\"alignnone size-full wp-image-573\" src=\"http:\/\/www.oxygen-house.be\/wp-content\/uploads\/2020\/11\/loft_2-1.jpg\" alt=\"\" width=\"100%\" height=\"100%\" \/><\/div>\n<\/div><\/div>\n\t\t\t\t\t\t\t\t\t<div class=\"elementor-tab-title elementor-tab-mobile-title\" aria-selected=\"false\" data-tab=\"9\" role=\"tab\" tabindex=\"-1\" aria-controls=\"elementor-tab-content-8169\" aria-expanded=\"false\">Lounge<\/div>\n\t\t\t\t\t<div id=\"elementor-tab-content-8169\" class=\"elementor-tab-content elementor-clearfix\" data-tab=\"9\" role=\"tabpanel\" aria-labelledby=\"elementor-tab-title-8169\" tabindex=\"0\" hidden=\"hidden\"><div class=\"row\">\n<div class=\"col-lg-12 col-md-12\"><\/div>\n<div class=\"col-lg-7 col-md-12\">\n<h4>Lounge<\/h4>\nDeze zone zal u toelaten om periodes van rust in te lassen tussen het gebruik van de verschillende apparaten. U zult genieten van de ontspannende muziek en zachte verlichting.\n<br><br>De aangename en intieme sfeer van de Lounge nodigt uit tot totale ontspanning.\n\n\n\n<\/div>\n<div class=\"col-lg-5 col-md-12\"><img decoding=\"async\" class=\"alignnone size-full wp-image-559\" src=\"http:\/\/www.oxygen-house.be\/wp-content\/uploads\/2020\/11\/WEB-3.jpg\" alt=\"\" width=\"100%\" height=\"100%\" \/><\/div>\n<\/div><\/div>\n\t\t\t\t\t\t\t<\/div>\n\t\t<\/div>\n\t\t\t\t\t\t<\/div>\n\t\t\t\t<\/div>\n\t\t\t\t\t<\/div>\n\t\t<\/div>\n\t\t\t\t\t<\/div>\n\t\t<\/section>\n\t\t\t\t<\/div>\n\t\t","protected":false},"excerpt":{"rendered":"<p>Gallery VILLA COSY VILLA COSY Droge Sauna Zoutschuur Sauna Hammam Infrarood Jacuzzi Zwembad &#038; Jetstream Sp\u00e9cial Events Lounge VILLA COSY VILLA COSY De welzijnsruimte van de Villa Cosy is gebaseerd op het concept van priv\u00e9 huren. U kunt zichen met uw dierbaren voor 2 uur, 3 uur of een hele dag terugtrekken met een capaciteit<\/p>\n","protected":false},"author":1,"featured_media":0,"parent":0,"menu_order":0,"comment_status":"closed","ping_status":"closed","template":"","meta":{"footnotes":""},"class_list":["post-2251","page","type-page","status-publish","hentry"],"_links":{"self":[{"href":"https:\/\/www.oxygen-house.be\/nl\/wp-json\/wp\/v2\/pages\/2251","targetHints":{"allow":["GET"]}}],"collection":[{"href":"https:\/\/www.oxygen-house.be\/nl\/wp-json\/wp\/v2\/pages"}],"about":[{"href":"https:\/\/www.oxygen-house.be\/nl\/wp-json\/wp\/v2\/types\/page"}],"author":[{"embeddable":true,"href":"https:\/\/www.oxygen-house.be\/nl\/wp-json\/wp\/v2\/users\/1"}],"replies":[{"embeddable":true,"href":"https:\/\/www.oxygen-house.be\/nl\/wp-json\/wp\/v2\/comments?post=2251"}],"version-history":[{"count":33,"href":"https:\/\/www.oxygen-house.be\/nl\/wp-json\/wp\/v2\/pages\/2251\/revisions"}],"predecessor-version":[{"id":31753,"href":"https:\/\/www.oxygen-house.be\/nl\/wp-json\/wp\/v2\/pages\/2251\/revisions\/31753"}],"wp:attachment":[{"href":"https:\/\/www.oxygen-house.be\/nl\/wp-json\/wp\/v2\/media?parent=2251"}],"curies":[{"name":"wp","href":"https:\/\/api.w.org\/{rel}","templated":true}]}}