{"id":2253,"date":"2020-10-31T12:05:26","date_gmt":"2020-10-31T12:05:26","guid":{"rendered":"http:\/\/oxygen-house.pascalmoise.info\/villaprestige\/"},"modified":"2024-12-23T16:11:56","modified_gmt":"2024-12-23T16:11:56","slug":"villaprestige","status":"publish","type":"page","link":"https:\/\/www.oxygen-house.be\/nl\/villaprestige\/","title":{"rendered":"VillaPrestige"},"content":{"rendered":"\t\t<div data-elementor-type=\"wp-page\" data-elementor-id=\"2253\" class=\"elementor elementor-2253\">\n\t\t\t\t\t\t<section class=\"elementor-section elementor-top-section elementor-element elementor-element-a8f2a1d elementor-section-full_width elementor-section-stretched elementor-section-height-default elementor-section-height-default\" data-id=\"a8f2a1d\" data-element_type=\"section\" data-e-type=\"section\" data-settings=\"{&quot;stretch_section&quot;:&quot;section-stretched&quot;}\">\n\t\t\t\t\t\t<div class=\"elementor-container elementor-column-gap-default\">\n\t\t\t\t\t<div class=\"elementor-column elementor-col-33 elementor-top-column elementor-element elementor-element-d3c7196\" data-id=\"d3c7196\" data-element_type=\"column\" data-e-type=\"column\">\n\t\t\t<div class=\"elementor-widget-wrap elementor-element-populated\">\n\t\t\t\t\t\t<div class=\"elementor-element elementor-element-60cda0d elementor-widget elementor-widget-heading\" data-id=\"60cda0d\" data-element_type=\"widget\" data-e-type=\"widget\" data-widget_type=\"heading.default\">\n\t\t\t\t<div class=\"elementor-widget-container\">\n\t\t\t\t\t<h4 class=\"elementor-heading-title elementor-size-default\">Gallery<\/h4>\t\t\t\t<\/div>\n\t\t\t\t<\/div>\n\t\t\t\t<div class=\"elementor-element elementor-element-b81bf58 elementor-arrows-position-inside elementor-widget elementor-widget-image-carousel\" data-id=\"b81bf58\" data-element_type=\"widget\" data-e-type=\"widget\" data-settings=\"{&quot;slides_to_show&quot;:&quot;1&quot;,&quot;navigation&quot;:&quot;arrows&quot;,&quot;autoplay_speed&quot;:10000,&quot;autoplay&quot;:&quot;yes&quot;,&quot;pause_on_hover&quot;:&quot;yes&quot;,&quot;pause_on_interaction&quot;:&quot;yes&quot;,&quot;infinite&quot;:&quot;yes&quot;,&quot;effect&quot;:&quot;slide&quot;,&quot;speed&quot;:500}\" data-widget_type=\"image-carousel.default\">\n\t\t\t\t<div class=\"elementor-widget-container\">\n\t\t\t\t\t\t\t<div class=\"elementor-image-carousel-wrapper swiper\" role=\"region\" aria-roledescription=\"carousel\" aria-label=\"Afbeelding carrousel\" dir=\"ltr\">\n\t\t\t<div class=\"elementor-image-carousel swiper-wrapper\" aria-live=\"off\">\n\t\t\t\t\t\t\t\t<div class=\"swiper-slide\" role=\"group\" aria-roledescription=\"slide\" aria-label=\"1 van 10\"><figure class=\"swiper-slide-inner\"><img decoding=\"async\" class=\"swiper-slide-image\" src=\"https:\/\/www.oxygen-house.be\/wp-content\/uploads\/elementor\/thumbs\/villa_prestige_pool-1-oy5gmm30f5dmg1k0i1f2vsquclg0romv7fc0nbeflk.jpg\" alt=\"villa_prestige_pool\" \/><\/figure><\/div><div class=\"swiper-slide\" role=\"group\" aria-roledescription=\"slide\" aria-label=\"2 van 10\"><figure class=\"swiper-slide-inner\"><img decoding=\"async\" class=\"swiper-slide-image\" src=\"https:\/\/www.oxygen-house.be\/wp-content\/uploads\/elementor\/thumbs\/13_1-1-oy5gml568bcc4fldnj0gbazdr7knjzj4vaoj61ftrs.jpg\" alt=\"13_1\" \/><\/figure><\/div><div class=\"swiper-slide\" role=\"group\" aria-roledescription=\"slide\" aria-label=\"3 van 10\"><figure class=\"swiper-slide-inner\"><img decoding=\"async\" class=\"swiper-slide-image\" src=\"https:\/\/www.oxygen-house.be\/wp-content\/uploads\/elementor\/thumbs\/12_1_1-1-oy5gml568bcc4fldnj0gbazdr7knjzj4vaoj61ftrs.jpg\" alt=\"12_1_1\" \/><\/figure><\/div><div class=\"swiper-slide\" role=\"group\" aria-roledescription=\"slide\" aria-label=\"4 van 10\"><figure class=\"swiper-slide-inner\"><img decoding=\"async\" class=\"swiper-slide-image\" src=\"https:\/\/www.oxygen-house.be\/wp-content\/uploads\/elementor\/thumbs\/11-1-oy5gmk7c1hb1stmqt0ltqt7x5tpacafej611orh7y0.jpg\" alt=\"11\" \/><\/figure><\/div><div class=\"swiper-slide\" role=\"group\" aria-roledescription=\"slide\" aria-label=\"5 van 10\"><figure class=\"swiper-slide-inner\"><img decoding=\"async\" class=\"swiper-slide-image\" src=\"https:\/\/www.oxygen-house.be\/wp-content\/uploads\/elementor\/thumbs\/10-1-oy5gmj9hun9rh7o3yi776bggkftx4lbo71dk7him48.jpg\" alt=\"10\" \/><\/figure><\/div><div class=\"swiper-slide\" role=\"group\" aria-roledescription=\"slide\" aria-label=\"6 van 10\"><figure class=\"swiper-slide-inner\"><img decoding=\"async\" class=\"swiper-slide-image\" src=\"https:\/\/www.oxygen-house.be\/wp-content\/uploads\/elementor\/thumbs\/9-1-oy5gmj9hun9rh7o3yi776bggkftx4lbo71dk7him48.jpg\" alt=\"9\" \/><\/figure><\/div><div class=\"swiper-slide\" role=\"group\" aria-roledescription=\"slide\" aria-label=\"7 van 10\"><figure class=\"swiper-slide-inner\"><img decoding=\"async\" class=\"swiper-slide-image\" src=\"https:\/\/www.oxygen-house.be\/wp-content\/uploads\/elementor\/thumbs\/8-1-oy5gmibnnt8h5lph3zskltozz1yjww7xuwq2q7k0ag.jpg\" alt=\"8\" \/><\/figure><\/div><div class=\"swiper-slide\" role=\"group\" aria-roledescription=\"slide\" aria-label=\"8 van 10\"><figure class=\"swiper-slide-inner\"><img decoding=\"async\" class=\"swiper-slide-image\" src=\"https:\/\/www.oxygen-house.be\/wp-content\/uploads\/elementor\/thumbs\/7-1-oy5gmgfza55wids7eyzbgu62sa7thi0h6nf3rnmsmw.jpg\" alt=\"7\" \/><\/figure><\/div><div class=\"swiper-slide\" role=\"group\" aria-roledescription=\"slide\" aria-label=\"9 van 10\"><figure class=\"swiper-slide-inner\"><img decoding=\"async\" class=\"swiper-slide-image\" src=\"https:\/\/www.oxygen-house.be\/wp-content\/uploads\/elementor\/thumbs\/4-1-oy5gmcomit0r7xxo0xct6v48eqqcmplju4t5ujsdbs.jpg\" alt=\"4\" \/><\/figure><\/div><div class=\"swiper-slide\" role=\"group\" aria-roledescription=\"slide\" aria-label=\"10 van 10\"><figure class=\"swiper-slide-inner\"><img decoding=\"async\" class=\"swiper-slide-image\" src=\"https:\/\/www.oxygen-house.be\/wp-content\/uploads\/elementor\/thumbs\/2-1-oy5gm2cefmmlo8copavwxfq5vi5ba1gi4pmtki7p88.jpg\" alt=\"2\" \/><\/figure><\/div>\t\t\t<\/div>\n\t\t\t\t\t\t\t\t\t\t\t\t<div class=\"elementor-swiper-button elementor-swiper-button-prev\" role=\"button\" tabindex=\"0\">\n\t\t\t\t\t\t<i aria-hidden=\"true\" class=\"eicon-chevron-left\"><\/i>\t\t\t\t\t<\/div>\n\t\t\t\t\t<div class=\"elementor-swiper-button elementor-swiper-button-next\" role=\"button\" tabindex=\"0\">\n\t\t\t\t\t\t<i aria-hidden=\"true\" class=\"eicon-chevron-right\"><\/i>\t\t\t\t\t<\/div>\n\t\t\t\t\n\t\t\t\t\t\t\t\t\t<\/div>\n\t\t\t\t\t\t<\/div>\n\t\t\t\t<\/div>\n\t\t\t\t\t<\/div>\n\t\t<\/div>\n\t\t\t\t<div class=\"elementor-column elementor-col-66 elementor-top-column elementor-element elementor-element-b6f57f5\" data-id=\"b6f57f5\" data-element_type=\"column\" data-e-type=\"column\">\n\t\t\t<div class=\"elementor-widget-wrap elementor-element-populated\">\n\t\t\t\t\t\t<div class=\"elementor-element elementor-element-9e97a54 elementor-widget elementor-widget-heading\" data-id=\"9e97a54\" data-element_type=\"widget\" data-e-type=\"widget\" data-widget_type=\"heading.default\">\n\t\t\t\t<div class=\"elementor-widget-container\">\n\t\t\t\t\t<h4 class=\"elementor-heading-title elementor-size-default\">Villa Prestige<\/h4>\t\t\t\t<\/div>\n\t\t\t\t<\/div>\n\t\t\t\t<div class=\"elementor-element elementor-element-4dd8ba5 elementor-tabs-view-vertical elementor-widget elementor-widget-tabs\" data-id=\"4dd8ba5\" data-element_type=\"widget\" data-e-type=\"widget\" data-widget_type=\"tabs.default\">\n\t\t\t\t<div class=\"elementor-widget-container\">\n\t\t\t\t\t\t\t<div class=\"elementor-tabs\">\n\t\t\t<div class=\"elementor-tabs-wrapper\" role=\"tablist\" >\n\t\t\t\t\t\t\t\t\t<div id=\"elementor-tab-title-8161\" class=\"elementor-tab-title elementor-tab-desktop-title\" aria-selected=\"true\" data-tab=\"1\" role=\"tab\" tabindex=\"0\" aria-controls=\"elementor-tab-content-8161\" aria-expanded=\"false\">VILLA PRESTIGE<\/div>\n\t\t\t\t\t\t\t\t\t<div id=\"elementor-tab-title-8162\" class=\"elementor-tab-title elementor-tab-desktop-title\" aria-selected=\"false\" data-tab=\"2\" role=\"tab\" tabindex=\"-1\" aria-controls=\"elementor-tab-content-8162\" aria-expanded=\"false\">Caldarium<\/div>\n\t\t\t\t\t\t\t\t\t<div id=\"elementor-tab-title-8163\" class=\"elementor-tab-title elementor-tab-desktop-title\" aria-selected=\"false\" data-tab=\"3\" role=\"tab\" tabindex=\"-1\" aria-controls=\"elementor-tab-content-8163\" aria-expanded=\"false\">Droge Sauna<\/div>\n\t\t\t\t\t\t\t\t\t<div id=\"elementor-tab-title-8164\" class=\"elementor-tab-title elementor-tab-desktop-title\" aria-selected=\"false\" data-tab=\"4\" role=\"tab\" tabindex=\"-1\" aria-controls=\"elementor-tab-content-8164\" aria-expanded=\"false\">Hammam<\/div>\n\t\t\t\t\t\t\t\t\t<div id=\"elementor-tab-title-8165\" class=\"elementor-tab-title elementor-tab-desktop-title\" aria-selected=\"false\" data-tab=\"5\" role=\"tab\" tabindex=\"-1\" aria-controls=\"elementor-tab-content-8165\" aria-expanded=\"false\">Infrarood<\/div>\n\t\t\t\t\t\t\t\t\t<div id=\"elementor-tab-title-8166\" class=\"elementor-tab-title elementor-tab-desktop-title\" aria-selected=\"false\" data-tab=\"6\" role=\"tab\" tabindex=\"-1\" aria-controls=\"elementor-tab-content-8166\" aria-expanded=\"false\">Jacuzzi<\/div>\n\t\t\t\t\t\t\t\t\t<div id=\"elementor-tab-title-8167\" class=\"elementor-tab-title elementor-tab-desktop-title\" aria-selected=\"false\" data-tab=\"7\" role=\"tab\" tabindex=\"-1\" aria-controls=\"elementor-tab-content-8167\" aria-expanded=\"false\">Zwembad & Jetstream<\/div>\n\t\t\t\t\t\t\t\t\t<div id=\"elementor-tab-title-8168\" class=\"elementor-tab-title elementor-tab-desktop-title\" aria-selected=\"false\" data-tab=\"8\" role=\"tab\" tabindex=\"-1\" aria-controls=\"elementor-tab-content-8168\" aria-expanded=\"false\">Speciale evenementen<\/div>\n\t\t\t\t\t\t\t\t\t<div id=\"elementor-tab-title-8169\" class=\"elementor-tab-title elementor-tab-desktop-title\" aria-selected=\"false\" data-tab=\"9\" role=\"tab\" tabindex=\"-1\" aria-controls=\"elementor-tab-content-8169\" aria-expanded=\"false\">Lounge<\/div>\n\t\t\t\t\t\t\t<\/div>\n\t\t\t<div class=\"elementor-tabs-content-wrapper\" role=\"tablist\" aria-orientation=\"vertical\">\n\t\t\t\t\t\t\t\t\t<div class=\"elementor-tab-title elementor-tab-mobile-title\" aria-selected=\"true\" data-tab=\"1\" role=\"tab\" tabindex=\"0\" aria-controls=\"elementor-tab-content-8161\" aria-expanded=\"false\">VILLA PRESTIGE<\/div>\n\t\t\t\t\t<div id=\"elementor-tab-content-8161\" class=\"elementor-tab-content elementor-clearfix\" data-tab=\"1\" role=\"tabpanel\" aria-labelledby=\"elementor-tab-title-8161\" tabindex=\"0\" hidden=\"false\"><div class=\"row\"><div class=\"col-lg-7 col-md-12\"><h4>VILLA PRESTIGE<\/h4><p>Na de <a href=\"http:\/\/www.oxygen-house.be\/nl\/VillaCosy\">Cosy<\/a> en de <a href=\"http:\/\/www.oxygen-house.be\/nl\/Loft\">Loft<\/a>, hebben wij de genoegen onze nieuwe Priv\u00e9 Spa \u00ab Villa Prestige \u00bb voor te stellen.<br \/><br \/><br \/><\/p><p>In het verlengde van de Loft werd dit pand volledig gerenoveerd met behoud van haar historisch karakter. Kom er de <a href=\"http:\/\/www.oxygen-house.be\/nl\/VillaPrestige\">Caldarium <\/a> ontdekken in een 250 jaar oude kelder.<br \/>In de lijn van OXYGEN, een nieuwe bron van welzijn, waar u in alle rust kan ontspannen.<br \/><br \/><\/p><p>De welzijnsruimte van de Villa Prestige is gebaseerd op het concept van priv\u00e9 huren. U kunt zichen met uw dierbaren voor 2 uur, 3 uur of een hele dag terugtrekken met een capaciteit van <b>2<\/b> tot <b>30<\/b> personen maximum.<\/p><\/div><div class=\"col-lg-5 col-md-12\"><p><img decoding=\"async\" class=\"alignnone size-medium wp-image-427\" src=\"http:\/\/www.oxygen-house.be\/wp-content\/uploads\/2020\/11\/villa_prestige-768x456.jpg\" alt=\"\" width=\"100%\" height=\"100%\" \/><\/p><div class=\"text-center\" style=\"margin-top: 25px;\"><a class=\"btn\" href=\"https:\/\/www.oxygen-house.be\/nl\/prijs\/\">Priis<\/a><\/div><\/div><\/div><\/div>\n\t\t\t\t\t\t\t\t\t<div class=\"elementor-tab-title elementor-tab-mobile-title\" aria-selected=\"false\" data-tab=\"2\" role=\"tab\" tabindex=\"-1\" aria-controls=\"elementor-tab-content-8162\" aria-expanded=\"false\">Caldarium<\/div>\n\t\t\t\t\t<div id=\"elementor-tab-content-8162\" class=\"elementor-tab-content elementor-clearfix\" data-tab=\"2\" role=\"tabpanel\" aria-labelledby=\"elementor-tab-title-8162\" tabindex=\"0\" hidden=\"hidden\"><div class=\"row\">\n<div class=\"col-lg-7 col-md-12\">\n<h4>Caldarium<\/h4>\nWe kunnen stellen dat de temperatuur bereikt in een Caldarium, gezien dat in moderne Hammams de temperatuur ongeveer 45\u00b0C is en deze in een Sauna tot 85\u00b0C kan gaan en dat we weten dat de Romeinen sandalen met houten zolen moesten dragen om zich in een Caldarium te begeven zonder zich te verbranden. Bepaalde auteurs gaan er dus van uit dat de temperatuur bereikt in een Caldarium ongeveer50\/55\u00b0C was.\n\n\n<\/div>\n<div class=\"col-lg-5 col-md-12\"><img decoding=\"async\" class=\"alignnone size-medium wp-image-436\" src=\"http:\/\/www.oxygen-house.be\/wp-content\/uploads\/2020\/11\/4-768x456.jpg\" alt=\"\" width=\"100%\" height=\"100%\" \/><\/div>\n<\/div><\/div>\n\t\t\t\t\t\t\t\t\t<div class=\"elementor-tab-title elementor-tab-mobile-title\" aria-selected=\"false\" data-tab=\"3\" role=\"tab\" tabindex=\"-1\" aria-controls=\"elementor-tab-content-8163\" aria-expanded=\"false\">Droge Sauna<\/div>\n\t\t\t\t\t<div id=\"elementor-tab-content-8163\" class=\"elementor-tab-content elementor-clearfix\" data-tab=\"3\" role=\"tabpanel\" aria-labelledby=\"elementor-tab-title-8163\" tabindex=\"0\" hidden=\"hidden\"><div class=\"row\">\n<div class=\"col-lg-7 col-md-12\">\n<h4>Droge Sauna\n<\/h4>\n<b>3-20% vochtigheid &amp; 80-105\u00b0C\n<\/b>\nReeds in de Romeinse tijd maakte men gebruik van &#8216;zweetruimtes&#8217;, afgewisseld met het nemen van warme, koude en lauwe baden om het lichaam te reinigen, te ontgiften en te versterken. Vervolgens werden door massage met geparfumeerde olie de huid weer gehydrateerd en de spieren volledig losgemaakt.\n\nZowel het gebruik van sauna als van hydrotherapie (hydros is grieks voor &#8216;water&#8217;) gaan eeuwen terug en zijn in bijna alle culturen over heel de wereld terug te vinden. Zo hadden Syberische en Noord-Amerikaanse sjamanen hun zweethutten tijdens genezings-en reinigingsrituelen, maar ook in China, het Oude Egypte en in Griekenland bestonden deze praktijken en waren wijd verbreid onder de gewone bevolking.\n\n\nIn Finland is de saunatraditie nog steeds razend populair met maar liefst 1,7 miljoen sauna&#8217;s op 5.246.000 inwoners, maar ook bij ons neemt het saunagebruik steeds meer toe in populariteit.\n\n<\/div>\n<div class=\"col-lg-5 col-md-12\"><img decoding=\"async\" class=\"alignnone size-medium wp-image-444\" src=\"http:\/\/www.oxygen-house.be\/wp-content\/uploads\/2020\/11\/9-768x456.jpg\" alt=\"\" width=\"100%\" height=\"100%\" \/><\/div>\n<\/div><\/div>\n\t\t\t\t\t\t\t\t\t<div class=\"elementor-tab-title elementor-tab-mobile-title\" aria-selected=\"false\" data-tab=\"4\" role=\"tab\" tabindex=\"-1\" aria-controls=\"elementor-tab-content-8164\" aria-expanded=\"false\">Hammam<\/div>\n\t\t\t\t\t<div id=\"elementor-tab-content-8164\" class=\"elementor-tab-content elementor-clearfix\" data-tab=\"4\" role=\"tabpanel\" aria-labelledby=\"elementor-tab-title-8164\" tabindex=\"0\" hidden=\"hidden\"><div class=\"row\"><div class=\"col-lg-7 col-md-12\"><h4>Hammam<\/h4><p><b>100% VOCHTIGHEID &amp; 47C\u00b0<br \/><\/b><br \/>Wanneer men denkt aan Rome, wordt die vaak geassocieerd met grote baden Thermen genaamd. De keizer Agrippa bouwde de eerste Thermen in 25 A.D. De praktijk van hammam is zich pas echt beginnen ontwikkelen rond 600 na Christus,.De Turkse baden werden ge\u00efnspireerd door de Romeinse en Griekse baden. Ze hebben genoten van groot succes in de Arabische wereld en zijn ge\u00efntegreerd in de praktijk van de islam als een regel van zuivering en hygi\u00ebne&#8230;<br \/><br \/><br \/>Dit weldoende stoombad heeft een gematigde temperatuur van 40-50\u00b0C en een zeer hoge vochtigheidsgraad van 95-100%. De hammam ontspant de spieren, brengt de vochtbalans van het lichaam terug op peil en heeft ook een milde, aangename werking op de luchtwegen die door de warme stoom worden &#8220;vrijgemaakt&#8221;.<\/p><\/div><div class=\"col-lg-5 col-md-12\"><img fetchpriority=\"high\" decoding=\"async\" class=\"alignnone wp-image-11237 size-medium\" src=\"https:\/\/www.oxygen-house.be\/wp-content\/uploads\/2020\/11\/20070414_09.24.04_8862_1-768x456.jpg\" alt=\"\" width=\"768\" height=\"456\" srcset=\"https:\/\/www.oxygen-house.be\/wp-content\/uploads\/2020\/11\/20070414_09.24.04_8862_1-768x456.jpg 768w, https:\/\/www.oxygen-house.be\/wp-content\/uploads\/2020\/11\/20070414_09.24.04_8862_1-1170x694.jpg 1170w\" sizes=\"(max-width: 768px) 100vw, 768px\" \/><\/div><\/div><\/div>\n\t\t\t\t\t\t\t\t\t<div class=\"elementor-tab-title elementor-tab-mobile-title\" aria-selected=\"false\" data-tab=\"5\" role=\"tab\" tabindex=\"-1\" aria-controls=\"elementor-tab-content-8165\" aria-expanded=\"false\">Infrarood<\/div>\n\t\t\t\t\t<div id=\"elementor-tab-content-8165\" class=\"elementor-tab-content elementor-clearfix\" data-tab=\"5\" role=\"tabpanel\" aria-labelledby=\"elementor-tab-title-8165\" tabindex=\"0\" hidden=\"hidden\"><div class=\"row\">\n<div class=\"col-lg-7 col-md-12\">\n<h4>Infrarood\n<\/h4>\n<b>Korte golven IR-A = 50\u00b0C\n\n<\/b>\nDe Romeinen plaatsten een bak met brandende houtskool in hun Laconium. Houtskool was in die tijd de enige brandbare materie dat IR-A verkreeg.(infrarood verspreidt korte golven). Nu hebben wij stralingslampen gemiddeld IR-B en lange golven die elk een verschillende intensiteit hebben die dieper in de huidlagen doordringen om tenslotte de pijnen te treffen die de sauna niet kan bereiken. IR-A remt en vermindert ziekten en is een weldaad voor mensen met gewrichtsklachten, spierpijn, eczeem, psoriasis, acne, astma&#8230;.\n<br><br>\nIR-A remt en vermindert ziekten en is een weldaad voor mensen met gewrichtsklachten, spierpijn, eczeem, psoriasis, acne, astma.\n\n\n\n<\/div>\n<div class=\"col-lg-5 col-md-12\"><img decoding=\"async\" class=\"alignnone size-medium wp-image-453\" src=\"http:\/\/www.oxygen-house.be\/wp-content\/uploads\/2020\/11\/8-768x456.jpg\" alt=\"\" width=\"768\" height=\"456\" \/>\n\n<img decoding=\"async\" class=\"alignnone size-medium wp-image-456\" src=\"http:\/\/www.oxygen-house.be\/wp-content\/uploads\/2020\/11\/loft_infrared-447x456.jpg\" alt=\"\" width=\"100%\" height=\"100%\" \/><\/div>\n<\/div><\/div>\n\t\t\t\t\t\t\t\t\t<div class=\"elementor-tab-title elementor-tab-mobile-title\" aria-selected=\"false\" data-tab=\"6\" role=\"tab\" tabindex=\"-1\" aria-controls=\"elementor-tab-content-8166\" aria-expanded=\"false\">Jacuzzi<\/div>\n\t\t\t\t\t<div id=\"elementor-tab-content-8166\" class=\"elementor-tab-content elementor-clearfix\" data-tab=\"6\" role=\"tabpanel\" aria-labelledby=\"elementor-tab-title-8166\" tabindex=\"0\" hidden=\"hidden\"><div class=\"row\">\n<div class=\"col-lg-7 col-md-12\">\n<h4>Jacuzzi<\/h4>\nDe jacuzzi heeft een groot aantal jets die zeer specifieke en verschillende delen van je lichaam treft en geeft u veel meer dan de traditionele bubbelbad &#8230; Je zit in ergonomische stoelen en de 2 motoren geven u de optimale massagekracht en dit alles in een natuurlijke omgeving verwarmd tot 37,5\u00b0C!\n\n\n\n<\/div>\n<div class=\"col-lg-5 col-md-12\"><img decoding=\"async\" class=\"alignnone size-medium wp-image-460\" src=\"http:\/\/www.oxygen-house.be\/wp-content\/uploads\/2020\/11\/12_1_1-768x432.jpg\" alt=\"\" width=\"100%\" height=\"100%\" \/><\/div>\n<\/div><\/div>\n\t\t\t\t\t\t\t\t\t<div class=\"elementor-tab-title elementor-tab-mobile-title\" aria-selected=\"false\" data-tab=\"7\" role=\"tab\" tabindex=\"-1\" aria-controls=\"elementor-tab-content-8167\" aria-expanded=\"false\">Zwembad & Jetstream<\/div>\n\t\t\t\t\t<div id=\"elementor-tab-content-8167\" class=\"elementor-tab-content elementor-clearfix\" data-tab=\"7\" role=\"tabpanel\" aria-labelledby=\"elementor-tab-title-8167\" tabindex=\"0\" hidden=\"hidden\"><div class=\"row\">\n<div class=\"col-lg-7 col-md-12\">\n<h4>Zwembad &#038; Jetstream\n<\/h4>\nLangzaam onderdompelen in de weldadige warmte van het water, voelen hoe het natte element je lichaam omspoelt. Wat een weldaad! Geen stress meer, nieuwe kracht putten voor lichaam, geest en ziel, heerlijk ontspannen onder de blote hemel &#8211; dat kan in ons verwarmde buitenzwembad \u2026\n\n\n\n<\/div>\n<div class=\"col-lg-5 col-md-12\"><img decoding=\"async\" class=\"alignnone size-medium wp-image-460\" src=\"http:\/\/www.oxygen-house.be\/wp-content\/uploads\/2020\/11\/12_1_1-768x432.jpg\" alt=\"\" width=\"100%\" height=\"100%\" \/><\/div>\n<\/div><\/div>\n\t\t\t\t\t\t\t\t\t<div class=\"elementor-tab-title elementor-tab-mobile-title\" aria-selected=\"false\" data-tab=\"8\" role=\"tab\" tabindex=\"-1\" aria-controls=\"elementor-tab-content-8168\" aria-expanded=\"false\">Speciale evenementen<\/div>\n\t\t\t\t\t<div id=\"elementor-tab-content-8168\" class=\"elementor-tab-content elementor-clearfix\" data-tab=\"8\" role=\"tabpanel\" aria-labelledby=\"elementor-tab-title-8168\" tabindex=\"0\" hidden=\"hidden\"><div class=\"row\">\n<div class=\"col-lg-7 col-md-12\">\n<h4>Speciale evenementen\n<\/h4>\nU kunt het hele huis huren in de VILLA meer dan 300m\u00b2 met haar tuinen en Wellness-infrastructuur.\n<br><br>Wij organiseren de catering, de bar service voor seminaries, vergaderingen, trainingen, cursussen, verjaardagen en diverse jubilea.\n<br><br>Neem contact met ons op voor een offerte op maat.\n\n\n<\/div>\n<div class=\"col-lg-5 col-md-12\"><img decoding=\"async\" class=\"alignnone size-medium wp-image-466\" src=\"http:\/\/www.oxygen-house.be\/wp-content\/uploads\/2020\/11\/loft_3-768x456.jpg\" alt=\"\" width=\"100%\" height=\"100%\" \/><\/div>\n<\/div><\/div>\n\t\t\t\t\t\t\t\t\t<div class=\"elementor-tab-title elementor-tab-mobile-title\" aria-selected=\"false\" data-tab=\"9\" role=\"tab\" tabindex=\"-1\" aria-controls=\"elementor-tab-content-8169\" aria-expanded=\"false\">Lounge<\/div>\n\t\t\t\t\t<div id=\"elementor-tab-content-8169\" class=\"elementor-tab-content elementor-clearfix\" data-tab=\"9\" role=\"tabpanel\" aria-labelledby=\"elementor-tab-title-8169\" tabindex=\"0\" hidden=\"hidden\"><div class=\"row\">\n<div class=\"col-lg-12 col-md-12\"><\/div>\n<div class=\"col-lg-7 col-md-12\">\n<h4>Lounge<\/h4>\nDeze zone zal u toelaten om periodes van rust in te lassen tussen het gebruik van de verschillende apparaten. U zult genieten van de ontspannende muziek en zachte verlichting.\n<br><br>De aangename en intieme sfeer van de Lounge nodigt uit tot totale ontspanning.\n<\/div>\n<div class=\"col-lg-5 col-md-12\"><img decoding=\"async\" class=\"alignnone size-medium wp-image-471\" src=\"http:\/\/www.oxygen-house.be\/wp-content\/uploads\/2020\/11\/2-768x456.jpg\" alt=\"\" width=\"100%\" height=\"100%\" \/><\/div>\n<\/div><\/div>\n\t\t\t\t\t\t\t<\/div>\n\t\t<\/div>\n\t\t\t\t\t\t<\/div>\n\t\t\t\t<\/div>\n\t\t\t\t\t<\/div>\n\t\t<\/div>\n\t\t\t\t\t<\/div>\n\t\t<\/section>\n\t\t\t\t<\/div>\n\t\t","protected":false},"excerpt":{"rendered":"<p>Gallery Villa Prestige VILLA PRESTIGE Caldarium Droge Sauna Hammam Infrarood Jacuzzi Zwembad &#038; Jetstream Speciale evenementen Lounge VILLA PRESTIGE VILLA PRESTIGE Na de Cosy en de Loft, hebben wij de genoegen onze nieuwe Priv\u00e9 Spa \u00ab Villa Prestige \u00bb voor te stellen. In het verlengde van de Loft werd dit pand volledig gerenoveerd met behoud<\/p>\n","protected":false},"author":1,"featured_media":0,"parent":0,"menu_order":0,"comment_status":"closed","ping_status":"closed","template":"","meta":{"footnotes":""},"class_list":["post-2253","page","type-page","status-publish","hentry"],"_links":{"self":[{"href":"https:\/\/www.oxygen-house.be\/nl\/wp-json\/wp\/v2\/pages\/2253","targetHints":{"allow":["GET"]}}],"collection":[{"href":"https:\/\/www.oxygen-house.be\/nl\/wp-json\/wp\/v2\/pages"}],"about":[{"href":"https:\/\/www.oxygen-house.be\/nl\/wp-json\/wp\/v2\/types\/page"}],"author":[{"embeddable":true,"href":"https:\/\/www.oxygen-house.be\/nl\/wp-json\/wp\/v2\/users\/1"}],"replies":[{"embeddable":true,"href":"https:\/\/www.oxygen-house.be\/nl\/wp-json\/wp\/v2\/comments?post=2253"}],"version-history":[{"count":39,"href":"https:\/\/www.oxygen-house.be\/nl\/wp-json\/wp\/v2\/pages\/2253\/revisions"}],"predecessor-version":[{"id":31750,"href":"https:\/\/www.oxygen-house.be\/nl\/wp-json\/wp\/v2\/pages\/2253\/revisions\/31750"}],"wp:attachment":[{"href":"https:\/\/www.oxygen-house.be\/nl\/wp-json\/wp\/v2\/media?parent=2253"}],"curies":[{"name":"wp","href":"https:\/\/api.w.org\/{rel}","templated":true}]}}